{"id":2291,"date":"2026-05-06T13:33:27","date_gmt":"2026-05-06T11:33:27","guid":{"rendered":"https:\/\/bakkenservice.no\/v\/?page_id=2291"},"modified":"2026-05-09T12:22:06","modified_gmt":"2026-05-09T10:22:06","slug":"sjafor-viken-avfall","status":"publish","type":"page","link":"https:\/\/bakkenservice.no\/v\/sjafor-viken-avfall\/","title":{"rendered":"Sj\u00e5f\u00f8r &#8211; Viken Avfall"},"content":{"rendered":"\r\n<h3><strong>Bli sj\u00e5f\u00f8r hos Viken Avfall<\/strong><\/h3>\r\n<p>Hos oss f\u00e5r du en trygg jobb og en arbeidshverdag som gj\u00f8r en forskjell.<\/p>\r\n<p><strong>Hvorfor jobbe hos oss:<\/strong><br \/>&#8211; Viktig samfunnsrolle<br \/>&#8211; Moderne utstyr<br \/>&#8211; Godt arbeidsmilj\u00f8<br \/>&#8211; Forutsigbar arbeidstid &#8211; Vi starter tidlig og slutter sent<\/p>\r\n<p><strong>Vi s\u00f8ker sj\u00e5f\u00f8rer til:<\/strong><br \/>\u2022 Liftbil<br \/>\u2022 Krokbil<br \/>\u2022 Kranbil<br \/><br \/><strong>Hos oss f\u00e5r du:<\/strong><br \/>\u2022 En trygg og stabil jobb<br \/>\u2022 Moderne biler og utstyr<br \/>\u2022 Gode kollegaer og godt milj\u00f8<br \/>\u2022 En variert arbeidshverdag<br \/>\u2022 En viktig rolle for milj\u00f8et<\/p>\r\n<p><strong>Kvalifikasjoner:<\/strong><br \/>&#8211; F\u00f8rerkort klasse C\/CE<br \/>&#8211; YSK<br \/>&#8211; G8 for kranbil<\/p>\r\n\r\n\r\n\r\n<p><strong>Egenskaper som er viktig for oss:<\/strong><\/p>\r\n\r\n\r\n\r\n<ul class=\"wp-block-list\">\r\n<li>Erfaring som sj\u00e5f\u00f8r<\/li>\r\n<li>Faglig dyktig med fokus p\u00e5 kvalitet og yrkesstolthet<\/li>\r\n\r\n\r\n\r\n\r\n\r\n\r\n\r\n<li>God kommunikasjonsevne mot kunder og kollegaer<\/li>\r\n<li>Gode muntlige norskkunnskaper<\/li>\r\n\r\n\r\n\r\n<li>Evne til \u00e5 jobbe selvstendig, men ogs\u00e5 i team<\/li>\r\n\r\n\r\n\r\n<li>Engasjert, effektiv og n\u00f8yaktig<\/li>\r\n\r\n\r\n\r\n<li>Frisk og rask, og liker en hektisk, men strukturert hverdag<\/li>\r\n\r\n\r\n\r\n<li>Du m\u00e5 v\u00e6re faglig dyktig, ryddig, selvstendig og evne \u00e5 jobbe godt i team.<\/li>\r\n<\/ul>\r\n\r\n\r\n\r\n<p><a><strong>Vi kan tilby:<\/strong><\/a><\/p>\r\n\r\n\r\n\r\n<ul class=\"wp-block-list\">\r\n<li>Gode l\u00f8nnsbetingelser<\/li>\r\n\r\n\r\n\r\n<li>Godt arbeidsmilj\u00f8 med faglig sterke kollegaer<\/li>\r\n\r\n\r\n\r\n<li>Smidig og velorganisert organisasjon med korte linjer<\/li>\r\n<\/ul>\r\n\r\n\r\n\r\n<p>Vi l\u00f8ser alt, alltid &#8211; YES! Viken<\/p>\r\n<p>&nbsp;<\/p>\r\n<img loading=\"lazy\" decoding=\"async\" class=\"alignnone size-large wp-image-2303\" src=\"https:\/\/bakkenservice.no\/v\/content\/sites\/7\/2026\/05\/678288935-1518162550216836-4416840222886189600-n-590x590.jpg\" alt=\"\" width=\"590\" height=\"590\" srcset=\"https:\/\/bakkenservice.no\/v\/content\/sites\/7\/2026\/05\/678288935-1518162550216836-4416840222886189600-n-590x590.jpg 590w, https:\/\/bakkenservice.no\/v\/content\/sites\/7\/2026\/05\/678288935-1518162550216836-4416840222886189600-n-300x300.jpg 300w, https:\/\/bakkenservice.no\/v\/content\/sites\/7\/2026\/05\/678288935-1518162550216836-4416840222886189600-n-150x150.jpg 150w, https:\/\/bakkenservice.no\/v\/content\/sites\/7\/2026\/05\/678288935-1518162550216836-4416840222886189600-n-768x768.jpg 768w, https:\/\/bakkenservice.no\/v\/content\/sites\/7\/2026\/05\/678288935-1518162550216836-4416840222886189600-n-235x235.jpg 235w, https:\/\/bakkenservice.no\/v\/content\/sites\/7\/2026\/05\/678288935-1518162550216836-4416840222886189600-n-450x450.jpg 450w, https:\/\/bakkenservice.no\/v\/content\/sites\/7\/2026\/05\/678288935-1518162550216836-4416840222886189600-n-90x90.jpg 90w, https:\/\/bakkenservice.no\/v\/content\/sites\/7\/2026\/05\/678288935-1518162550216836-4416840222886189600-n.jpg 1440w\" sizes=\"auto, (max-width: 590px) 100vw, 590px\" \/> <img loading=\"lazy\" decoding=\"async\" class=\"alignnone size-large wp-image-2302\" src=\"https:\/\/bakkenservice.no\/v\/content\/sites\/7\/2026\/05\/668613248-1505910331442058-9173024190576444385-n-443x590.jpg\" alt=\"\" width=\"443\" height=\"590\" srcset=\"https:\/\/bakkenservice.no\/v\/content\/sites\/7\/2026\/05\/668613248-1505910331442058-9173024190576444385-n-443x590.jpg 443w, https:\/\/bakkenservice.no\/v\/content\/sites\/7\/2026\/05\/668613248-1505910331442058-9173024190576444385-n-225x300.jpg 225w, https:\/\/bakkenservice.no\/v\/content\/sites\/7\/2026\/05\/668613248-1505910331442058-9173024190576444385-n-768x1024.jpg 768w, https:\/\/bakkenservice.no\/v\/content\/sites\/7\/2026\/05\/668613248-1505910331442058-9173024190576444385-n-1152x1536.jpg 1152w, https:\/\/bakkenservice.no\/v\/content\/sites\/7\/2026\/05\/668613248-1505910331442058-9173024190576444385-n-215x286.jpg 215w, https:\/\/bakkenservice.no\/v\/content\/sites\/7\/2026\/05\/668613248-1505910331442058-9173024190576444385-n-338x450.jpg 338w, https:\/\/bakkenservice.no\/v\/content\/sites\/7\/2026\/05\/668613248-1505910331442058-9173024190576444385-n-68x90.jpg 68w, https:\/\/bakkenservice.no\/v\/content\/sites\/7\/2026\/05\/668613248-1505910331442058-9173024190576444385-n.jpg 1536w\" sizes=\"auto, (max-width: 443px) 100vw, 443px\" \/> <img loading=\"lazy\" decoding=\"async\" class=\"alignnone size-large wp-image-2301\" src=\"https:\/\/bakkenservice.no\/v\/content\/sites\/7\/2026\/05\/522620850-1278260770873683-8100042312277317934-n-332x590.jpg\" alt=\"\" width=\"332\" height=\"590\" srcset=\"https:\/\/bakkenservice.no\/v\/content\/sites\/7\/2026\/05\/522620850-1278260770873683-8100042312277317934-n-332x590.jpg 332w, https:\/\/bakkenservice.no\/v\/content\/sites\/7\/2026\/05\/522620850-1278260770873683-8100042312277317934-n-169x300.jpg 169w, https:\/\/bakkenservice.no\/v\/content\/sites\/7\/2026\/05\/522620850-1278260770873683-8100042312277317934-n-768x1365.jpg 768w, https:\/\/bakkenservice.no\/v\/content\/sites\/7\/2026\/05\/522620850-1278260770873683-8100042312277317934-n-864x1536.jpg 864w, https:\/\/bakkenservice.no\/v\/content\/sites\/7\/2026\/05\/522620850-1278260770873683-8100042312277317934-n-161x286.jpg 161w, https:\/\/bakkenservice.no\/v\/content\/sites\/7\/2026\/05\/522620850-1278260770873683-8100042312277317934-n-253x450.jpg 253w, https:\/\/bakkenservice.no\/v\/content\/sites\/7\/2026\/05\/522620850-1278260770873683-8100042312277317934-n-51x90.jpg 51w, https:\/\/bakkenservice.no\/v\/content\/sites\/7\/2026\/05\/522620850-1278260770873683-8100042312277317934-n.jpg 1152w\" sizes=\"auto, (max-width: 332px) 100vw, 332px\" \/> <img loading=\"lazy\" decoding=\"async\" class=\"alignnone size-large wp-image-2300\" src=\"https:\/\/bakkenservice.no\/v\/content\/sites\/7\/2026\/05\/508734403-1249025173797243-3690512075421243706-n-332x590.jpg\" alt=\"\" width=\"332\" height=\"590\" srcset=\"https:\/\/bakkenservice.no\/v\/content\/sites\/7\/2026\/05\/508734403-1249025173797243-3690512075421243706-n-332x590.jpg 332w, https:\/\/bakkenservice.no\/v\/content\/sites\/7\/2026\/05\/508734403-1249025173797243-3690512075421243706-n-169x300.jpg 169w, https:\/\/bakkenservice.no\/v\/content\/sites\/7\/2026\/05\/508734403-1249025173797243-3690512075421243706-n-768x1365.jpg 768w, https:\/\/bakkenservice.no\/v\/content\/sites\/7\/2026\/05\/508734403-1249025173797243-3690512075421243706-n-864x1536.jpg 864w, https:\/\/bakkenservice.no\/v\/content\/sites\/7\/2026\/05\/508734403-1249025173797243-3690512075421243706-n-161x286.jpg 161w, https:\/\/bakkenservice.no\/v\/content\/sites\/7\/2026\/05\/508734403-1249025173797243-3690512075421243706-n-253x450.jpg 253w, https:\/\/bakkenservice.no\/v\/content\/sites\/7\/2026\/05\/508734403-1249025173797243-3690512075421243706-n-51x90.jpg 51w, https:\/\/bakkenservice.no\/v\/content\/sites\/7\/2026\/05\/508734403-1249025173797243-3690512075421243706-n.jpg 1152w\" sizes=\"auto, (max-width: 332px) 100vw, 332px\" \/> <img loading=\"lazy\" decoding=\"async\" class=\"alignnone size-large wp-image-2299\" src=\"https:\/\/bakkenservice.no\/v\/content\/sites\/7\/2026\/05\/490512078-1196856415680786-5522092495433607950-n-332x590.jpg\" alt=\"\" width=\"332\" height=\"590\" srcset=\"https:\/\/bakkenservice.no\/v\/content\/sites\/7\/2026\/05\/490512078-1196856415680786-5522092495433607950-n-332x590.jpg 332w, https:\/\/bakkenservice.no\/v\/content\/sites\/7\/2026\/05\/490512078-1196856415680786-5522092495433607950-n-169x300.jpg 169w, https:\/\/bakkenservice.no\/v\/content\/sites\/7\/2026\/05\/490512078-1196856415680786-5522092495433607950-n-768x1365.jpg 768w, https:\/\/bakkenservice.no\/v\/content\/sites\/7\/2026\/05\/490512078-1196856415680786-5522092495433607950-n-864x1536.jpg 864w, https:\/\/bakkenservice.no\/v\/content\/sites\/7\/2026\/05\/490512078-1196856415680786-5522092495433607950-n-161x286.jpg 161w, https:\/\/bakkenservice.no\/v\/content\/sites\/7\/2026\/05\/490512078-1196856415680786-5522092495433607950-n-253x450.jpg 253w, https:\/\/bakkenservice.no\/v\/content\/sites\/7\/2026\/05\/490512078-1196856415680786-5522092495433607950-n-51x90.jpg 51w, https:\/\/bakkenservice.no\/v\/content\/sites\/7\/2026\/05\/490512078-1196856415680786-5522092495433607950-n.jpg 1152w\" sizes=\"auto, (max-width: 332px) 100vw, 332px\" \/> <img loading=\"lazy\" decoding=\"async\" class=\"alignnone size-large wp-image-2298\" src=\"https:\/\/bakkenservice.no\/v\/content\/sites\/7\/2026\/05\/489789991-1189766179723143-7795692226725786988-n-332x590.jpg\" alt=\"\" width=\"332\" height=\"590\" srcset=\"https:\/\/bakkenservice.no\/v\/content\/sites\/7\/2026\/05\/489789991-1189766179723143-7795692226725786988-n-332x590.jpg 332w, https:\/\/bakkenservice.no\/v\/content\/sites\/7\/2026\/05\/489789991-1189766179723143-7795692226725786988-n-169x300.jpg 169w, https:\/\/bakkenservice.no\/v\/content\/sites\/7\/2026\/05\/489789991-1189766179723143-7795692226725786988-n-768x1365.jpg 768w, https:\/\/bakkenservice.no\/v\/content\/sites\/7\/2026\/05\/489789991-1189766179723143-7795692226725786988-n-864x1536.jpg 864w, https:\/\/bakkenservice.no\/v\/content\/sites\/7\/2026\/05\/489789991-1189766179723143-7795692226725786988-n-161x286.jpg 161w, https:\/\/bakkenservice.no\/v\/content\/sites\/7\/2026\/05\/489789991-1189766179723143-7795692226725786988-n-253x450.jpg 253w, https:\/\/bakkenservice.no\/v\/content\/sites\/7\/2026\/05\/489789991-1189766179723143-7795692226725786988-n-51x90.jpg 51w, https:\/\/bakkenservice.no\/v\/content\/sites\/7\/2026\/05\/489789991-1189766179723143-7795692226725786988-n.jpg 1080w\" sizes=\"auto, (max-width: 332px) 100vw, 332px\" \/> <img loading=\"lazy\" decoding=\"async\" class=\"alignnone size-large wp-image-2297\" src=\"https:\/\/bakkenservice.no\/v\/content\/sites\/7\/2026\/05\/488759612-1190603822972712-609430660588228929-n-590x590.jpg\" alt=\"\" width=\"590\" height=\"590\" srcset=\"https:\/\/bakkenservice.no\/v\/content\/sites\/7\/2026\/05\/488759612-1190603822972712-609430660588228929-n-590x590.jpg 590w, https:\/\/bakkenservice.no\/v\/content\/sites\/7\/2026\/05\/488759612-1190603822972712-609430660588228929-n-300x300.jpg 300w, https:\/\/bakkenservice.no\/v\/content\/sites\/7\/2026\/05\/488759612-1190603822972712-609430660588228929-n-150x150.jpg 150w, https:\/\/bakkenservice.no\/v\/content\/sites\/7\/2026\/05\/488759612-1190603822972712-609430660588228929-n-768x768.jpg 768w, https:\/\/bakkenservice.no\/v\/content\/sites\/7\/2026\/05\/488759612-1190603822972712-609430660588228929-n-235x235.jpg 235w, https:\/\/bakkenservice.no\/v\/content\/sites\/7\/2026\/05\/488759612-1190603822972712-609430660588228929-n-450x450.jpg 450w, https:\/\/bakkenservice.no\/v\/content\/sites\/7\/2026\/05\/488759612-1190603822972712-609430660588228929-n-90x90.jpg 90w, https:\/\/bakkenservice.no\/v\/content\/sites\/7\/2026\/05\/488759612-1190603822972712-609430660588228929-n.jpg 1080w\" sizes=\"auto, (max-width: 590px) 100vw, 590px\" \/> <img loading=\"lazy\" decoding=\"async\" class=\"alignnone size-large wp-image-2296\" src=\"https:\/\/bakkenservice.no\/v\/content\/sites\/7\/2026\/05\/488599202-1188036003229494-8581402357381740905-n-590x590.jpg\" alt=\"\" width=\"590\" height=\"590\" srcset=\"https:\/\/bakkenservice.no\/v\/content\/sites\/7\/2026\/05\/488599202-1188036003229494-8581402357381740905-n-590x590.jpg 590w, https:\/\/bakkenservice.no\/v\/content\/sites\/7\/2026\/05\/488599202-1188036003229494-8581402357381740905-n-300x300.jpg 300w, https:\/\/bakkenservice.no\/v\/content\/sites\/7\/2026\/05\/488599202-1188036003229494-8581402357381740905-n-150x150.jpg 150w, https:\/\/bakkenservice.no\/v\/content\/sites\/7\/2026\/05\/488599202-1188036003229494-8581402357381740905-n-768x768.jpg 768w, https:\/\/bakkenservice.no\/v\/content\/sites\/7\/2026\/05\/488599202-1188036003229494-8581402357381740905-n-1536x1536.jpg 1536w, https:\/\/bakkenservice.no\/v\/content\/sites\/7\/2026\/05\/488599202-1188036003229494-8581402357381740905-n-235x235.jpg 235w, https:\/\/bakkenservice.no\/v\/content\/sites\/7\/2026\/05\/488599202-1188036003229494-8581402357381740905-n-450x450.jpg 450w, https:\/\/bakkenservice.no\/v\/content\/sites\/7\/2026\/05\/488599202-1188036003229494-8581402357381740905-n-90x90.jpg 90w, https:\/\/bakkenservice.no\/v\/content\/sites\/7\/2026\/05\/488599202-1188036003229494-8581402357381740905-n.jpg 1564w\" sizes=\"auto, (max-width: 590px) 100vw, 590px\" \/> <img loading=\"lazy\" decoding=\"async\" class=\"alignnone size-large wp-image-2295\" src=\"https:\/\/bakkenservice.no\/v\/content\/sites\/7\/2026\/05\/476837716-1143417741024654-4083474327040995482-n-590x590.jpg\" alt=\"\" width=\"590\" height=\"590\" srcset=\"https:\/\/bakkenservice.no\/v\/content\/sites\/7\/2026\/05\/476837716-1143417741024654-4083474327040995482-n-590x590.jpg 590w, https:\/\/bakkenservice.no\/v\/content\/sites\/7\/2026\/05\/476837716-1143417741024654-4083474327040995482-n-300x300.jpg 300w, https:\/\/bakkenservice.no\/v\/content\/sites\/7\/2026\/05\/476837716-1143417741024654-4083474327040995482-n-150x150.jpg 150w, https:\/\/bakkenservice.no\/v\/content\/sites\/7\/2026\/05\/476837716-1143417741024654-4083474327040995482-n-768x768.jpg 768w, https:\/\/bakkenservice.no\/v\/content\/sites\/7\/2026\/05\/476837716-1143417741024654-4083474327040995482-n-235x235.jpg 235w, https:\/\/bakkenservice.no\/v\/content\/sites\/7\/2026\/05\/476837716-1143417741024654-4083474327040995482-n-450x450.jpg 450w, https:\/\/bakkenservice.no\/v\/content\/sites\/7\/2026\/05\/476837716-1143417741024654-4083474327040995482-n-90x90.jpg 90w, https:\/\/bakkenservice.no\/v\/content\/sites\/7\/2026\/05\/476837716-1143417741024654-4083474327040995482-n.jpg 1440w\" sizes=\"auto, (max-width: 590px) 100vw, 590px\" \/> <img loading=\"lazy\" decoding=\"async\" class=\"alignnone size-large wp-image-2294\" src=\"https:\/\/bakkenservice.no\/v\/content\/sites\/7\/2026\/05\/470887666-1104421028257659-3718213856338807450-n-590x590.jpg\" alt=\"\" width=\"590\" height=\"590\" srcset=\"https:\/\/bakkenservice.no\/v\/content\/sites\/7\/2026\/05\/470887666-1104421028257659-3718213856338807450-n-590x590.jpg 590w, https:\/\/bakkenservice.no\/v\/content\/sites\/7\/2026\/05\/470887666-1104421028257659-3718213856338807450-n-300x300.jpg 300w, https:\/\/bakkenservice.no\/v\/content\/sites\/7\/2026\/05\/470887666-1104421028257659-3718213856338807450-n-150x150.jpg 150w, https:\/\/bakkenservice.no\/v\/content\/sites\/7\/2026\/05\/470887666-1104421028257659-3718213856338807450-n-768x768.jpg 768w, https:\/\/bakkenservice.no\/v\/content\/sites\/7\/2026\/05\/470887666-1104421028257659-3718213856338807450-n-235x235.jpg 235w, https:\/\/bakkenservice.no\/v\/content\/sites\/7\/2026\/05\/470887666-1104421028257659-3718213856338807450-n-450x450.jpg 450w, https:\/\/bakkenservice.no\/v\/content\/sites\/7\/2026\/05\/470887666-1104421028257659-3718213856338807450-n-90x90.jpg 90w, https:\/\/bakkenservice.no\/v\/content\/sites\/7\/2026\/05\/470887666-1104421028257659-3718213856338807450-n.jpg 1440w\" sizes=\"auto, (max-width: 590px) 100vw, 590px\" \/>\r\n<p>&nbsp;<\/p>\r\n","protected":false},"excerpt":{"rendered":"<p>Bli sj\u00e5f\u00f8r hos Viken Avfall Hos oss f\u00e5r du en trygg jobb og en arbeidshverdag som gj\u00f8r en forskjell. Hvorfor jobbe hos [\u2026]<\/p>\n","protected":false},"author":10,"featured_media":2314,"parent":0,"menu_order":0,"comment_status":"closed","ping_status":"closed","template":"career-page-template.php","meta":{"_acf_changed":false,"footnotes":""},"class_list":["post-2291","page","type-page","status-publish","has-post-thumbnail","hentry"],"acf":[],"yoast_head":"<!-- This site is optimized with the Yoast SEO plugin v26.6 - https:\/\/yoast.com\/wordpress\/plugins\/seo\/ -->\n<title>Sj\u00e5f\u00f8r - Viken Avfall - Viken Avfall<\/title>\n<meta name=\"robots\" content=\"index, follow, max-snippet:-1, max-image-preview:large, max-video-preview:-1\" \/>\n<link rel=\"canonical\" href=\"https:\/\/bakkenservice.no\/v\/sjafor-viken-avfall\/\" \/>\n<meta property=\"og:locale\" content=\"nb_NO\" \/>\n<meta property=\"og:type\" content=\"article\" \/>\n<meta property=\"og:title\" content=\"Sj\u00e5f\u00f8r - Viken Avfall - Viken Avfall\" \/>\n<meta property=\"og:description\" content=\"Bli sj\u00e5f\u00f8r hos Viken Avfall Hos oss f\u00e5r du en trygg jobb og en arbeidshverdag som gj\u00f8r en forskjell. Hvorfor jobbe hos [\u2026]\" \/>\n<meta property=\"og:url\" content=\"https:\/\/bakkenservice.no\/v\/sjafor-viken-avfall\/\" \/>\n<meta property=\"og:site_name\" content=\"Viken Avfall\" \/>\n<meta property=\"article:modified_time\" content=\"2026-05-09T10:22:06+00:00\" \/>\n<meta property=\"og:image\" content=\"https:\/\/bakkenservice.no\/v\/content\/sites\/7\/2026\/05\/jobbhososs-1.jpg\" \/>\n\t<meta property=\"og:image:width\" content=\"2000\" \/>\n\t<meta property=\"og:image:height\" content=\"1126\" \/>\n\t<meta property=\"og:image:type\" content=\"image\/jpeg\" \/>\n<meta name=\"twitter:card\" content=\"summary_large_image\" \/>\n<meta name=\"twitter:label1\" content=\"Ansl. lesetid\" \/>\n\t<meta name=\"twitter:data1\" content=\"4 minutter\" \/>\n<script type=\"application\/ld+json\" class=\"yoast-schema-graph\">{\"@context\":\"https:\/\/schema.org\",\"@graph\":[{\"@type\":\"WebPage\",\"@id\":\"https:\/\/bakkenservice.no\/v\/sjafor-viken-avfall\/\",\"url\":\"https:\/\/bakkenservice.no\/v\/sjafor-viken-avfall\/\",\"name\":\"Sj\u00e5f\u00f8r - Viken Avfall - Viken Avfall\",\"isPartOf\":{\"@id\":\"https:\/\/bakkenservice.no\/v\/#website\"},\"primaryImageOfPage\":{\"@id\":\"https:\/\/bakkenservice.no\/v\/sjafor-viken-avfall\/#primaryimage\"},\"image\":{\"@id\":\"https:\/\/bakkenservice.no\/v\/sjafor-viken-avfall\/#primaryimage\"},\"thumbnailUrl\":\"https:\/\/bakkenservice.no\/v\/content\/sites\/7\/2026\/05\/jobbhososs-1.jpg\",\"datePublished\":\"2026-05-06T11:33:27+00:00\",\"dateModified\":\"2026-05-09T10:22:06+00:00\",\"breadcrumb\":{\"@id\":\"https:\/\/bakkenservice.no\/v\/sjafor-viken-avfall\/#breadcrumb\"},\"inLanguage\":\"nb-NO\",\"potentialAction\":[{\"@type\":\"ReadAction\",\"target\":[\"https:\/\/bakkenservice.no\/v\/sjafor-viken-avfall\/\"]}]},{\"@type\":\"ImageObject\",\"inLanguage\":\"nb-NO\",\"@id\":\"https:\/\/bakkenservice.no\/v\/sjafor-viken-avfall\/#primaryimage\",\"url\":\"https:\/\/bakkenservice.no\/v\/content\/sites\/7\/2026\/05\/jobbhososs-1.jpg\",\"contentUrl\":\"https:\/\/bakkenservice.no\/v\/content\/sites\/7\/2026\/05\/jobbhososs-1.jpg\",\"width\":2000,\"height\":1126,\"caption\":\"Jobb i Viken Avfall\"},{\"@type\":\"BreadcrumbList\",\"@id\":\"https:\/\/bakkenservice.no\/v\/sjafor-viken-avfall\/#breadcrumb\",\"itemListElement\":[{\"@type\":\"ListItem\",\"position\":1,\"name\":\"Hjem\",\"item\":\"https:\/\/bakkenservice.no\/v\/\"},{\"@type\":\"ListItem\",\"position\":2,\"name\":\"Sj\u00e5f\u00f8r &#8211; Viken Avfall\"}]},{\"@type\":\"WebSite\",\"@id\":\"https:\/\/bakkenservice.no\/v\/#website\",\"url\":\"https:\/\/bakkenservice.no\/v\/\",\"name\":\"Viken Avfall\",\"description\":\"\",\"potentialAction\":[{\"@type\":\"SearchAction\",\"target\":{\"@type\":\"EntryPoint\",\"urlTemplate\":\"https:\/\/bakkenservice.no\/v\/?s={search_term_string}\"},\"query-input\":{\"@type\":\"PropertyValueSpecification\",\"valueRequired\":true,\"valueName\":\"search_term_string\"}}],\"inLanguage\":\"nb-NO\"}]}<\/script>\n<!-- \/ Yoast SEO plugin. -->","yoast_head_json":{"title":"Sj\u00e5f\u00f8r - Viken Avfall - Viken Avfall","robots":{"index":"index","follow":"follow","max-snippet":"max-snippet:-1","max-image-preview":"max-image-preview:large","max-video-preview":"max-video-preview:-1"},"canonical":"https:\/\/bakkenservice.no\/v\/sjafor-viken-avfall\/","og_locale":"nb_NO","og_type":"article","og_title":"Sj\u00e5f\u00f8r - Viken Avfall - Viken Avfall","og_description":"Bli sj\u00e5f\u00f8r hos Viken Avfall Hos oss f\u00e5r du en trygg jobb og en arbeidshverdag som gj\u00f8r en forskjell. Hvorfor jobbe hos [\u2026]","og_url":"https:\/\/bakkenservice.no\/v\/sjafor-viken-avfall\/","og_site_name":"Viken Avfall","article_modified_time":"2026-05-09T10:22:06+00:00","og_image":[{"width":2000,"height":1126,"url":"https:\/\/bakkenservice.no\/v\/content\/sites\/7\/2026\/05\/jobbhososs-1.jpg","type":"image\/jpeg"}],"twitter_card":"summary_large_image","twitter_misc":{"Ansl. lesetid":"4 minutter"},"schema":{"@context":"https:\/\/schema.org","@graph":[{"@type":"WebPage","@id":"https:\/\/bakkenservice.no\/v\/sjafor-viken-avfall\/","url":"https:\/\/bakkenservice.no\/v\/sjafor-viken-avfall\/","name":"Sj\u00e5f\u00f8r - Viken Avfall - Viken Avfall","isPartOf":{"@id":"https:\/\/bakkenservice.no\/v\/#website"},"primaryImageOfPage":{"@id":"https:\/\/bakkenservice.no\/v\/sjafor-viken-avfall\/#primaryimage"},"image":{"@id":"https:\/\/bakkenservice.no\/v\/sjafor-viken-avfall\/#primaryimage"},"thumbnailUrl":"https:\/\/bakkenservice.no\/v\/content\/sites\/7\/2026\/05\/jobbhososs-1.jpg","datePublished":"2026-05-06T11:33:27+00:00","dateModified":"2026-05-09T10:22:06+00:00","breadcrumb":{"@id":"https:\/\/bakkenservice.no\/v\/sjafor-viken-avfall\/#breadcrumb"},"inLanguage":"nb-NO","potentialAction":[{"@type":"ReadAction","target":["https:\/\/bakkenservice.no\/v\/sjafor-viken-avfall\/"]}]},{"@type":"ImageObject","inLanguage":"nb-NO","@id":"https:\/\/bakkenservice.no\/v\/sjafor-viken-avfall\/#primaryimage","url":"https:\/\/bakkenservice.no\/v\/content\/sites\/7\/2026\/05\/jobbhososs-1.jpg","contentUrl":"https:\/\/bakkenservice.no\/v\/content\/sites\/7\/2026\/05\/jobbhososs-1.jpg","width":2000,"height":1126,"caption":"Jobb i Viken Avfall"},{"@type":"BreadcrumbList","@id":"https:\/\/bakkenservice.no\/v\/sjafor-viken-avfall\/#breadcrumb","itemListElement":[{"@type":"ListItem","position":1,"name":"Hjem","item":"https:\/\/bakkenservice.no\/v\/"},{"@type":"ListItem","position":2,"name":"Sj\u00e5f\u00f8r &#8211; Viken Avfall"}]},{"@type":"WebSite","@id":"https:\/\/bakkenservice.no\/v\/#website","url":"https:\/\/bakkenservice.no\/v\/","name":"Viken Avfall","description":"","potentialAction":[{"@type":"SearchAction","target":{"@type":"EntryPoint","urlTemplate":"https:\/\/bakkenservice.no\/v\/?s={search_term_string}"},"query-input":{"@type":"PropertyValueSpecification","valueRequired":true,"valueName":"search_term_string"}}],"inLanguage":"nb-NO"}]}},"_links":{"self":[{"href":"https:\/\/bakkenservice.no\/v\/wp-json\/wp\/v2\/pages\/2291","targetHints":{"allow":["GET"]}}],"collection":[{"href":"https:\/\/bakkenservice.no\/v\/wp-json\/wp\/v2\/pages"}],"about":[{"href":"https:\/\/bakkenservice.no\/v\/wp-json\/wp\/v2\/types\/page"}],"author":[{"embeddable":true,"href":"https:\/\/bakkenservice.no\/v\/wp-json\/wp\/v2\/users\/10"}],"replies":[{"embeddable":true,"href":"https:\/\/bakkenservice.no\/v\/wp-json\/wp\/v2\/comments?post=2291"}],"version-history":[{"count":11,"href":"https:\/\/bakkenservice.no\/v\/wp-json\/wp\/v2\/pages\/2291\/revisions"}],"predecessor-version":[{"id":2320,"href":"https:\/\/bakkenservice.no\/v\/wp-json\/wp\/v2\/pages\/2291\/revisions\/2320"}],"wp:featuredmedia":[{"embeddable":true,"href":"https:\/\/bakkenservice.no\/v\/wp-json\/wp\/v2\/media\/2314"}],"wp:attachment":[{"href":"https:\/\/bakkenservice.no\/v\/wp-json\/wp\/v2\/media?parent=2291"}],"curies":[{"name":"wp","href":"https:\/\/api.w.org\/{rel}","templated":true}]}}