{"id":1544,"date":"2025-04-22T20:39:13","date_gmt":"2025-04-22T18:39:13","guid":{"rendered":"https:\/\/bakkenservice.no\/v\/?page_id=1544"},"modified":"2025-04-22T20:57:43","modified_gmt":"2025-04-22T18:57:43","slug":"ledige-stillinger","status":"publish","type":"page","link":"https:\/\/bakkenservice.no\/v\/ledige-stillinger\/","title":{"rendered":"Ledige stillinger"},"content":{"rendered":"\n<p>&nbsp;<\/p>\n\n\n\n<p class=\"has-text-align-center\">Innledende tekst<\/p>\n\n\n\n<p>&nbsp;<\/p>\n\n\n\n<hr class=\"wp-block-separator has-alpha-channel-opacity is-style-default\"\/>\n\n\n\n<div class=\"wp-block-media-text is-stacked-on-mobile is-image-fill-element\" style=\"grid-template-columns:40% auto\"><figure class=\"wp-block-media-text__media\"><a href=\"https:\/\/bakkenservice.no\/v\/be-sjafor-og-gravemaskinforer\/\"><img loading=\"lazy\" decoding=\"async\" width=\"443\" height=\"590\" src=\"https:\/\/bakkenservice.no\/v\/content\/sites\/7\/2025\/04\/img-9267-443x590.jpg\" alt=\"\" class=\"wp-image-1532 size-large\" style=\"object-position:50% 50%\" srcset=\"https:\/\/bakkenservice.no\/v\/content\/sites\/7\/2025\/04\/img-9267-443x590.jpg 443w, https:\/\/bakkenservice.no\/v\/content\/sites\/7\/2025\/04\/img-9267-225x300.jpg 225w, https:\/\/bakkenservice.no\/v\/content\/sites\/7\/2025\/04\/img-9267-768x1024.jpg 768w, https:\/\/bakkenservice.no\/v\/content\/sites\/7\/2025\/04\/img-9267-1152x1536.jpg 1152w, https:\/\/bakkenservice.no\/v\/content\/sites\/7\/2025\/04\/img-9267-1536x2048.jpg 1536w, https:\/\/bakkenservice.no\/v\/content\/sites\/7\/2025\/04\/img-9267-215x286.jpg 215w, https:\/\/bakkenservice.no\/v\/content\/sites\/7\/2025\/04\/img-9267-338x450.jpg 338w, https:\/\/bakkenservice.no\/v\/content\/sites\/7\/2025\/04\/img-9267-68x90.jpg 68w, https:\/\/bakkenservice.no\/v\/content\/sites\/7\/2025\/04\/img-9267-scaled.jpg 1920w\" sizes=\"auto, (max-width: 443px) 100vw, 443px\" \/><\/a><\/figure><div class=\"wp-block-media-text__content\/sites\/7\">\n<h2 class=\"wp-block-heading\"><a href=\"https:\/\/bakkenservice.no\/v\/be-sjafor-og-gravemaskinforer\/\">Kombinert BE sj\u00e5f\u00f8r og gravemaskinf\u00f8rer<\/a><\/h2>\n<\/div><\/div>\n\n\n\n<hr class=\"wp-block-separator has-alpha-channel-opacity is-style-default\"\/>\n\n\n\n<div class=\"wp-block-media-text is-stacked-on-mobile is-image-fill-element\" style=\"grid-template-columns:40% auto\"><figure class=\"wp-block-media-text__media\"><a href=\"https:\/\/bakkenservice.no\/v\/erfaren-gravemaskinforer-sokes\/\"><img loading=\"lazy\" decoding=\"async\" width=\"443\" height=\"590\" src=\"https:\/\/bakkenservice.no\/v\/content\/sites\/7\/2025\/02\/bakken-graving-35-443x590.jpg\" alt=\"\" class=\"wp-image-1445 size-large\" style=\"object-position:50% 50%\" srcset=\"https:\/\/bakkenservice.no\/v\/content\/sites\/7\/2025\/02\/bakken-graving-35-443x590.jpg 443w, https:\/\/bakkenservice.no\/v\/content\/sites\/7\/2025\/02\/bakken-graving-35-225x300.jpg 225w, https:\/\/bakkenservice.no\/v\/content\/sites\/7\/2025\/02\/bakken-graving-35-768x1024.jpg 768w, https:\/\/bakkenservice.no\/v\/content\/sites\/7\/2025\/02\/bakken-graving-35-1152x1536.jpg 1152w, https:\/\/bakkenservice.no\/v\/content\/sites\/7\/2025\/02\/bakken-graving-35-1536x2048.jpg 1536w, https:\/\/bakkenservice.no\/v\/content\/sites\/7\/2025\/02\/bakken-graving-35-215x286.jpg 215w, https:\/\/bakkenservice.no\/v\/content\/sites\/7\/2025\/02\/bakken-graving-35-338x450.jpg 338w, https:\/\/bakkenservice.no\/v\/content\/sites\/7\/2025\/02\/bakken-graving-35-68x90.jpg 68w, https:\/\/bakkenservice.no\/v\/content\/sites\/7\/2025\/02\/bakken-graving-35-scaled.jpg 1920w\" sizes=\"auto, (max-width: 443px) 100vw, 443px\" \/><\/a><\/figure><div class=\"wp-block-media-text__content\/sites\/7\">\n<h2 class=\"wp-block-heading\"><a href=\"https:\/\/bakkenservice.no\/v\/erfaren-gravemaskinforer-sokes\/\">Erfaren gravemaskin\u00adf\u00f8rer<\/a><\/h2>\n<\/div><\/div>\n\n\n\n<hr class=\"wp-block-separator has-alpha-channel-opacity is-style-default\"\/>\n","protected":false},"excerpt":{"rendered":"<p>&nbsp; Innledende tekst &nbsp; Kombinert BE sj\u00e5f\u00f8r og gravemaskinf\u00f8rer Erfaren gravemaskin\u00adf\u00f8rer<\/p>\n","protected":false},"author":10,"featured_media":0,"parent":0,"menu_order":0,"comment_status":"closed","ping_status":"closed","template":"","meta":{"_acf_changed":false,"footnotes":""},"class_list":["post-1544","page","type-page","status-publish","hentry"],"acf":[],"yoast_head":"<!-- This site is optimized with the Yoast SEO plugin v26.6 - https:\/\/yoast.com\/wordpress\/plugins\/seo\/ -->\n<title>Ledige stillinger - Viken Avfall<\/title>\n<meta name=\"robots\" content=\"index, follow, max-snippet:-1, max-image-preview:large, max-video-preview:-1\" \/>\n<link rel=\"canonical\" href=\"https:\/\/bakkenservice.no\/v\/ledige-stillinger\/\" \/>\n<meta property=\"og:locale\" content=\"nb_NO\" \/>\n<meta property=\"og:type\" content=\"article\" \/>\n<meta property=\"og:title\" content=\"Ledige stillinger - Viken Avfall\" \/>\n<meta property=\"og:description\" content=\"&nbsp; Innledende tekst &nbsp; Kombinert BE sj\u00e5f\u00f8r og gravemaskinf\u00f8rer Erfaren gravemaskin\u00adf\u00f8rer\" \/>\n<meta property=\"og:url\" content=\"https:\/\/bakkenservice.no\/v\/ledige-stillinger\/\" \/>\n<meta property=\"og:site_name\" content=\"Viken Avfall\" \/>\n<meta property=\"article:modified_time\" content=\"2025-04-22T18:57:43+00:00\" \/>\n<meta property=\"og:image\" content=\"https:\/\/bakkenservice.no\/v\/content\/sites\/7\/2025\/04\/img-9267-scaled.jpg\" \/>\n\t<meta property=\"og:image:width\" content=\"1920\" \/>\n\t<meta property=\"og:image:height\" content=\"2560\" \/>\n\t<meta property=\"og:image:type\" content=\"image\/jpeg\" \/>\n<meta name=\"twitter:card\" content=\"summary_large_image\" \/>\n<meta name=\"twitter:label1\" content=\"Ansl. lesetid\" \/>\n\t<meta name=\"twitter:data1\" content=\"1 minutt\" \/>\n<script type=\"application\/ld+json\" class=\"yoast-schema-graph\">{\"@context\":\"https:\/\/schema.org\",\"@graph\":[{\"@type\":\"WebPage\",\"@id\":\"https:\/\/bakkenservice.no\/v\/ledige-stillinger\/\",\"url\":\"https:\/\/bakkenservice.no\/v\/ledige-stillinger\/\",\"name\":\"Ledige stillinger - Viken Avfall\",\"isPartOf\":{\"@id\":\"https:\/\/bakkenservice.no\/v\/#website\"},\"primaryImageOfPage\":{\"@id\":\"https:\/\/bakkenservice.no\/v\/ledige-stillinger\/#primaryimage\"},\"image\":{\"@id\":\"https:\/\/bakkenservice.no\/v\/ledige-stillinger\/#primaryimage\"},\"thumbnailUrl\":\"https:\/\/bakkenservice.no\/v\/content\/sites\/7\/2025\/04\/img-9267-443x590.jpg\",\"datePublished\":\"2025-04-22T18:39:13+00:00\",\"dateModified\":\"2025-04-22T18:57:43+00:00\",\"breadcrumb\":{\"@id\":\"https:\/\/bakkenservice.no\/v\/ledige-stillinger\/#breadcrumb\"},\"inLanguage\":\"nb-NO\",\"potentialAction\":[{\"@type\":\"ReadAction\",\"target\":[\"https:\/\/bakkenservice.no\/v\/ledige-stillinger\/\"]}]},{\"@type\":\"ImageObject\",\"inLanguage\":\"nb-NO\",\"@id\":\"https:\/\/bakkenservice.no\/v\/ledige-stillinger\/#primaryimage\",\"url\":\"https:\/\/bakkenservice.no\/v\/content\/sites\/7\/2025\/04\/img-9267-scaled.jpg\",\"contentUrl\":\"https:\/\/bakkenservice.no\/v\/content\/sites\/7\/2025\/04\/img-9267-scaled.jpg\",\"width\":1920,\"height\":2560},{\"@type\":\"BreadcrumbList\",\"@id\":\"https:\/\/bakkenservice.no\/v\/ledige-stillinger\/#breadcrumb\",\"itemListElement\":[{\"@type\":\"ListItem\",\"position\":1,\"name\":\"Hjem\",\"item\":\"https:\/\/bakkenservice.no\/v\/\"},{\"@type\":\"ListItem\",\"position\":2,\"name\":\"Ledige stillinger\"}]},{\"@type\":\"WebSite\",\"@id\":\"https:\/\/bakkenservice.no\/v\/#website\",\"url\":\"https:\/\/bakkenservice.no\/v\/\",\"name\":\"Viken Avfall\",\"description\":\"\",\"potentialAction\":[{\"@type\":\"SearchAction\",\"target\":{\"@type\":\"EntryPoint\",\"urlTemplate\":\"https:\/\/bakkenservice.no\/v\/?s={search_term_string}\"},\"query-input\":{\"@type\":\"PropertyValueSpecification\",\"valueRequired\":true,\"valueName\":\"search_term_string\"}}],\"inLanguage\":\"nb-NO\"}]}<\/script>\n<!-- \/ Yoast SEO plugin. -->","yoast_head_json":{"title":"Ledige stillinger - Viken Avfall","robots":{"index":"index","follow":"follow","max-snippet":"max-snippet:-1","max-image-preview":"max-image-preview:large","max-video-preview":"max-video-preview:-1"},"canonical":"https:\/\/bakkenservice.no\/v\/ledige-stillinger\/","og_locale":"nb_NO","og_type":"article","og_title":"Ledige stillinger - Viken Avfall","og_description":"&nbsp; Innledende tekst &nbsp; Kombinert BE sj\u00e5f\u00f8r og gravemaskinf\u00f8rer Erfaren gravemaskin\u00adf\u00f8rer","og_url":"https:\/\/bakkenservice.no\/v\/ledige-stillinger\/","og_site_name":"Viken Avfall","article_modified_time":"2025-04-22T18:57:43+00:00","og_image":[{"width":1920,"height":2560,"url":"https:\/\/bakkenservice.no\/v\/content\/sites\/7\/2025\/04\/img-9267-scaled.jpg","type":"image\/jpeg"}],"twitter_card":"summary_large_image","twitter_misc":{"Ansl. lesetid":"1 minutt"},"schema":{"@context":"https:\/\/schema.org","@graph":[{"@type":"WebPage","@id":"https:\/\/bakkenservice.no\/v\/ledige-stillinger\/","url":"https:\/\/bakkenservice.no\/v\/ledige-stillinger\/","name":"Ledige stillinger - Viken Avfall","isPartOf":{"@id":"https:\/\/bakkenservice.no\/v\/#website"},"primaryImageOfPage":{"@id":"https:\/\/bakkenservice.no\/v\/ledige-stillinger\/#primaryimage"},"image":{"@id":"https:\/\/bakkenservice.no\/v\/ledige-stillinger\/#primaryimage"},"thumbnailUrl":"https:\/\/bakkenservice.no\/v\/content\/sites\/7\/2025\/04\/img-9267-443x590.jpg","datePublished":"2025-04-22T18:39:13+00:00","dateModified":"2025-04-22T18:57:43+00:00","breadcrumb":{"@id":"https:\/\/bakkenservice.no\/v\/ledige-stillinger\/#breadcrumb"},"inLanguage":"nb-NO","potentialAction":[{"@type":"ReadAction","target":["https:\/\/bakkenservice.no\/v\/ledige-stillinger\/"]}]},{"@type":"ImageObject","inLanguage":"nb-NO","@id":"https:\/\/bakkenservice.no\/v\/ledige-stillinger\/#primaryimage","url":"https:\/\/bakkenservice.no\/v\/content\/sites\/7\/2025\/04\/img-9267-scaled.jpg","contentUrl":"https:\/\/bakkenservice.no\/v\/content\/sites\/7\/2025\/04\/img-9267-scaled.jpg","width":1920,"height":2560},{"@type":"BreadcrumbList","@id":"https:\/\/bakkenservice.no\/v\/ledige-stillinger\/#breadcrumb","itemListElement":[{"@type":"ListItem","position":1,"name":"Hjem","item":"https:\/\/bakkenservice.no\/v\/"},{"@type":"ListItem","position":2,"name":"Ledige stillinger"}]},{"@type":"WebSite","@id":"https:\/\/bakkenservice.no\/v\/#website","url":"https:\/\/bakkenservice.no\/v\/","name":"Viken Avfall","description":"","potentialAction":[{"@type":"SearchAction","target":{"@type":"EntryPoint","urlTemplate":"https:\/\/bakkenservice.no\/v\/?s={search_term_string}"},"query-input":{"@type":"PropertyValueSpecification","valueRequired":true,"valueName":"search_term_string"}}],"inLanguage":"nb-NO"}]}},"_links":{"self":[{"href":"https:\/\/bakkenservice.no\/v\/wp-json\/wp\/v2\/pages\/1544","targetHints":{"allow":["GET"]}}],"collection":[{"href":"https:\/\/bakkenservice.no\/v\/wp-json\/wp\/v2\/pages"}],"about":[{"href":"https:\/\/bakkenservice.no\/v\/wp-json\/wp\/v2\/types\/page"}],"author":[{"embeddable":true,"href":"https:\/\/bakkenservice.no\/v\/wp-json\/wp\/v2\/users\/10"}],"replies":[{"embeddable":true,"href":"https:\/\/bakkenservice.no\/v\/wp-json\/wp\/v2\/comments?post=1544"}],"version-history":[{"count":12,"href":"https:\/\/bakkenservice.no\/v\/wp-json\/wp\/v2\/pages\/1544\/revisions"}],"predecessor-version":[{"id":1563,"href":"https:\/\/bakkenservice.no\/v\/wp-json\/wp\/v2\/pages\/1544\/revisions\/1563"}],"wp:attachment":[{"href":"https:\/\/bakkenservice.no\/v\/wp-json\/wp\/v2\/media?parent=1544"}],"curies":[{"name":"wp","href":"https:\/\/api.w.org\/{rel}","templated":true}]}}