{"id":1530,"date":"2025-04-19T17:18:09","date_gmt":"2025-04-19T15:18:09","guid":{"rendered":"https:\/\/bakkenservice.no\/v\/?page_id=1530"},"modified":"2025-04-19T18:10:05","modified_gmt":"2025-04-19T16:10:05","slug":"be-sjafor-og-gravemaskinforer","status":"publish","type":"page","link":"https:\/\/bakkenservice.no\/v\/be-sjafor-og-gravemaskinforer\/","title":{"rendered":"Kombinert BE sj\u00e5f\u00f8r og gravemaskinf\u00f8rer"},"content":{"rendered":"\r\n<p>Vi i Bakken Service opplever god ettersp\u00f8rsel etter v\u00e5re tjenester, og har mange spennende prosjekter p\u00e5 gang i 2025. Vi jobber mye mot private hager rundt omkring i Folloregionen, Oslo og omegn, men vi jobber ogs\u00e5 mer og mer for borettslag -og n\u00e6ringskunder. Vi jobber mest med utomhus prosjekter, men har ogs\u00e5 en del rehabilitering.<\/p>\r\n\r\n\r\n\r\n<p>Framover skal vi ha \u00f8kt fokus og satsing mot graving og massetransport p\u00e5 \u00d8stlandet. Vi har kontorer i Enebakk, men base for maskiner og utstyr i Kr\u00e5kstad. Prosjektene vil hovedsakelig v\u00e6re syd\u00f8st for Oslo med hovedfokus p\u00e5 Folloregionen.<\/p>\r\n\r\n\r\n\r\n<p>Vi er opptatt av kvalitet i alle ledd og har tro p\u00e5 et godt sammensveiset team hvor hver enkelt er faglig sterk p\u00e5 sitt felt.<\/p>\r\n\r\n\r\n\r\n<p>Vi s\u00f8ker en allsidig sj\u00e5f\u00f8r med BE sertifikat som ogs\u00e5 har erfaring som gravemaskinf\u00f8rer.<\/p>\r\n\r\n\r\n\r\n<p>Som sj\u00e5f\u00f8r vil du disponere en av v\u00e5re pickuper og arbeidet vil blant annet best\u00e5 av:<\/p>\r\n\r\n\r\n\r\n<ul class=\"wp-block-list\">\r\n<li>Maskinflytting med maskinhenger<\/li>\r\n\r\n\r\n\r\n<li>Henting og levering av masser med tipphenger<\/li>\r\n\r\n\r\n\r\n<li>Utkj\u00f8ring og innhenting av utstyr og materiell til prosjekter med skaphenger og varehenger<\/li>\r\n<\/ul>\r\n\r\n\r\n\r\n<p>Som maskinf\u00f8rer vil arbeidet blant annet best\u00e5 av:<\/p>\r\n\r\n\r\n\r\n<ul class=\"wp-block-list\">\r\n<li>Gravemaskinkj\u00f8ring<\/li>\r\n\r\n\r\n\r\n<li>Grunnarbeid<\/li>\r\n\r\n\r\n\r\n<li>Kj\u00f8ring av minidumper<\/li>\r\n\r\n\r\n\r\n<li>Kj\u00f8ring av liten hjullaster<\/li>\r\n<\/ul>\r\n\r\n\r\n\r\n<p>Deler av arbeidet vil foretas sammen med andre i et team. P\u00e5 en del mindre prosjekter vil du derimot jobbe helt selvstendig og foreta b\u00e5de transport og maskinkj\u00f8ring p\u00e5 egenh\u00e5nd.<\/p>\r\n\r\n\r\n\r\n<p>Jobber du i dag som selvstendig n\u00e6ringsdrivende og \u00f8nsker \u00e5 leie deg ut, s\u00e5 er vi ogs\u00e5 interessert i en prat.<\/p>\r\n\r\n\r\n\r\n<p><strong>Prosjektene best\u00e5r blant annet av:<\/strong><\/p>\r\n\r\n\r\n\r\n<ul class=\"wp-block-list\">\r\n<li>Utomhusprosjekter, med b\u00e5de gr\u00f8nt og gr\u00e5tt<\/li>\r\n\r\n\r\n\r\n<li>Drenering<\/li>\r\n\r\n\r\n\r\n<li>VA og overvannsh\u00e5ndtering<\/li>\r\n\r\n\r\n\r\n<li>Planering og fundamentering<\/li>\r\n\r\n\r\n\r\n<li>Oppsett av mur \u2013 granitt, skifer og natursteins mur<\/li>\r\n\r\n\r\n\r\n<li>Massetransport<\/li>\r\n<\/ul>\r\n\r\n\r\n\r\n<p><strong>Egenskaper som er viktig for oss:<\/strong><\/p>\r\n\r\n\r\n\r\n<ul class=\"wp-block-list\">\r\n<li>Erfaring som sj\u00e5f\u00f8r og gravemaskinf\u00f8rer<\/li>\r\n\r\n\r\n\r\n<li>Gjerne Fagbrev i maskinf\u00f8rerfaget<\/li>\r\n\r\n\r\n\r\n<li>Faglig dyktig med fokus p\u00e5 kvalitet og yrkesstolthet<\/li>\r\n\r\n\r\n\r\n<li>God kommunikasjonsevne mot kunder og kollegaer<\/li>\r\n\r\n\r\n\r\n<li>Evne til \u00e5 jobbe selvstendig, men ogs\u00e5 i team<\/li>\r\n\r\n\r\n\r\n<li>Engasjert, effektiv og n\u00f8yaktig<\/li>\r\n\r\n\r\n\r\n<li>Frisk og rask, og liker en hektisk, men strukturert hverdag<\/li>\r\n\r\n\r\n\r\n<li>Du m\u00e5 v\u00e6re faglig dyktig, ryddig, selvstendig og evne \u00e5 jobbe godt i team.<\/li>\r\n<\/ul>\r\n\r\n\r\n\r\n<p><a><strong>Vi kan tilby:<\/strong><\/a><\/p>\r\n\r\n\r\n\r\n<ul class=\"wp-block-list\">\r\n<li>Gode l\u00f8nnsbetingelser<\/li>\r\n\r\n\r\n\r\n<li>Godt arbeidsmilj\u00f8 med faglig sterke kollegaer<\/li>\r\n\r\n\r\n\r\n<li>Smidig og velorganisert organisasjon med korte linjer<\/li>\r\n<\/ul>\r\n\r\n\r\n\r\n<p>Vi i Bakken Service er en engasjert gjeng med flinke folk, som jobber p\u00e5 spennende prosjekter med kule kunder. En gjeng som brenner for det vi jobber med, og som trives med \u00e5 ha det artig i en hektisk hverdag. Vi leverer arbeid b\u00e5de vi og kunden kan v\u00e6re stolte av. Vi kan tilby gode betingelser i ordnede former, sammen med et selskap i sunn vekst.<\/p>\r\n<p>\u00a0<img loading=\"lazy\" decoding=\"async\" class=\"alignnone  wp-image-1390\" src=\"https:\/\/bakkenservice.no\/v\/content\/sites\/7\/2024\/10\/20220607-113435-590x443.jpg\" alt=\"\" width=\"442\" height=\"332\" srcset=\"https:\/\/bakkenservice.no\/v\/content\/sites\/7\/2024\/10\/20220607-113435-590x443.jpg 590w, https:\/\/bakkenservice.no\/v\/content\/sites\/7\/2024\/10\/20220607-113435-300x225.jpg 300w, https:\/\/bakkenservice.no\/v\/content\/sites\/7\/2024\/10\/20220607-113435-768x576.jpg 768w, https:\/\/bakkenservice.no\/v\/content\/sites\/7\/2024\/10\/20220607-113435-235x176.jpg 235w, https:\/\/bakkenservice.no\/v\/content\/sites\/7\/2024\/10\/20220607-113435-600x450.jpg 600w, https:\/\/bakkenservice.no\/v\/content\/sites\/7\/2024\/10\/20220607-113435-120x90.jpg 120w, https:\/\/bakkenservice.no\/v\/content\/sites\/7\/2024\/10\/20220607-113435-580x435.jpg 580w, https:\/\/bakkenservice.no\/v\/content\/sites\/7\/2024\/10\/20220607-113435.jpg 1280w\" sizes=\"auto, (max-width: 442px) 100vw, 442px\" \/> <img loading=\"lazy\" decoding=\"async\" class=\"alignnone  wp-image-1124\" src=\"https:\/\/bakkenservice.no\/v\/content\/sites\/7\/2022\/03\/sv15-15-590x443.jpg\" alt=\"\" width=\"443\" height=\"333\" srcset=\"https:\/\/bakkenservice.no\/v\/content\/sites\/7\/2022\/03\/sv15-15-590x443.jpg 590w, https:\/\/bakkenservice.no\/v\/content\/sites\/7\/2022\/03\/sv15-15-300x225.jpg 300w, https:\/\/bakkenservice.no\/v\/content\/sites\/7\/2022\/03\/sv15-15-768x576.jpg 768w, https:\/\/bakkenservice.no\/v\/content\/sites\/7\/2022\/03\/sv15-15-235x176.jpg 235w, https:\/\/bakkenservice.no\/v\/content\/sites\/7\/2022\/03\/sv15-15-600x450.jpg 600w, https:\/\/bakkenservice.no\/v\/content\/sites\/7\/2022\/03\/sv15-15-120x90.jpg 120w, https:\/\/bakkenservice.no\/v\/content\/sites\/7\/2022\/03\/sv15-15-580x435.jpg 580w, https:\/\/bakkenservice.no\/v\/content\/sites\/7\/2022\/03\/sv15-15.jpg 1280w\" sizes=\"auto, (max-width: 443px) 100vw, 443px\" \/> <img loading=\"lazy\" decoding=\"async\" class=\"alignnone  wp-image-1539\" src=\"https:\/\/bakkenservice.no\/v\/content\/sites\/7\/2025\/04\/img-9403-590x443.jpg\" alt=\"\" width=\"441\" height=\"331\" srcset=\"https:\/\/bakkenservice.no\/v\/content\/sites\/7\/2025\/04\/img-9403-590x443.jpg 590w, https:\/\/bakkenservice.no\/v\/content\/sites\/7\/2025\/04\/img-9403-300x225.jpg 300w, https:\/\/bakkenservice.no\/v\/content\/sites\/7\/2025\/04\/img-9403-768x576.jpg 768w, https:\/\/bakkenservice.no\/v\/content\/sites\/7\/2025\/04\/img-9403-1536x1152.jpg 1536w, https:\/\/bakkenservice.no\/v\/content\/sites\/7\/2025\/04\/img-9403-2048x1536.jpg 2048w, https:\/\/bakkenservice.no\/v\/content\/sites\/7\/2025\/04\/img-9403-235x176.jpg 235w, https:\/\/bakkenservice.no\/v\/content\/sites\/7\/2025\/04\/img-9403-600x450.jpg 600w, https:\/\/bakkenservice.no\/v\/content\/sites\/7\/2025\/04\/img-9403-120x90.jpg 120w, https:\/\/bakkenservice.no\/v\/content\/sites\/7\/2025\/04\/img-9403-580x435.jpg 580w\" sizes=\"auto, (max-width: 441px) 100vw, 441px\" \/> <img loading=\"lazy\" decoding=\"async\" class=\"alignnone  wp-image-1441\" src=\"https:\/\/bakkenservice.no\/v\/content\/sites\/7\/2025\/02\/bakken-drenering2-443x590.jpg\" alt=\"\" width=\"329\" height=\"438\" srcset=\"https:\/\/bakkenservice.no\/v\/content\/sites\/7\/2025\/02\/bakken-drenering2-443x590.jpg 443w, https:\/\/bakkenservice.no\/v\/content\/sites\/7\/2025\/02\/bakken-drenering2-225x300.jpg 225w, https:\/\/bakkenservice.no\/v\/content\/sites\/7\/2025\/02\/bakken-drenering2-768x1024.jpg 768w, https:\/\/bakkenservice.no\/v\/content\/sites\/7\/2025\/02\/bakken-drenering2-1152x1536.jpg 1152w, https:\/\/bakkenservice.no\/v\/content\/sites\/7\/2025\/02\/bakken-drenering2-215x286.jpg 215w, https:\/\/bakkenservice.no\/v\/content\/sites\/7\/2025\/02\/bakken-drenering2-338x450.jpg 338w, https:\/\/bakkenservice.no\/v\/content\/sites\/7\/2025\/02\/bakken-drenering2-68x90.jpg 68w, https:\/\/bakkenservice.no\/v\/content\/sites\/7\/2025\/02\/bakken-drenering2.jpg 1500w\" sizes=\"auto, (max-width: 329px) 100vw, 329px\" \/> <img loading=\"lazy\" decoding=\"async\" class=\"alignnone  wp-image-1443\" src=\"https:\/\/bakkenservice.no\/v\/content\/sites\/7\/2025\/02\/bakken-graving-26-443x590.jpg\" alt=\"\" width=\"328\" height=\"437\" srcset=\"https:\/\/bakkenservice.no\/v\/content\/sites\/7\/2025\/02\/bakken-graving-26-443x590.jpg 443w, https:\/\/bakkenservice.no\/v\/content\/sites\/7\/2025\/02\/bakken-graving-26-225x300.jpg 225w, https:\/\/bakkenservice.no\/v\/content\/sites\/7\/2025\/02\/bakken-graving-26-768x1024.jpg 768w, https:\/\/bakkenservice.no\/v\/content\/sites\/7\/2025\/02\/bakken-graving-26-1152x1536.jpg 1152w, https:\/\/bakkenservice.no\/v\/content\/sites\/7\/2025\/02\/bakken-graving-26-215x286.jpg 215w, https:\/\/bakkenservice.no\/v\/content\/sites\/7\/2025\/02\/bakken-graving-26-338x450.jpg 338w, https:\/\/bakkenservice.no\/v\/content\/sites\/7\/2025\/02\/bakken-graving-26-68x90.jpg 68w, https:\/\/bakkenservice.no\/v\/content\/sites\/7\/2025\/02\/bakken-graving-26.jpg 1500w\" sizes=\"auto, (max-width: 328px) 100vw, 328px\" \/> <img loading=\"lazy\" decoding=\"async\" class=\"alignnone  wp-image-1541\" src=\"https:\/\/bakkenservice.no\/v\/content\/sites\/7\/2025\/04\/img-9284-1-443x590.jpg\" alt=\"\" width=\"328\" height=\"437\" srcset=\"https:\/\/bakkenservice.no\/v\/content\/sites\/7\/2025\/04\/img-9284-1-443x590.jpg 443w, https:\/\/bakkenservice.no\/v\/content\/sites\/7\/2025\/04\/img-9284-1-225x300.jpg 225w, https:\/\/bakkenservice.no\/v\/content\/sites\/7\/2025\/04\/img-9284-1-768x1024.jpg 768w, https:\/\/bakkenservice.no\/v\/content\/sites\/7\/2025\/04\/img-9284-1-1152x1536.jpg 1152w, https:\/\/bakkenservice.no\/v\/content\/sites\/7\/2025\/04\/img-9284-1-1536x2048.jpg 1536w, https:\/\/bakkenservice.no\/v\/content\/sites\/7\/2025\/04\/img-9284-1-215x286.jpg 215w, https:\/\/bakkenservice.no\/v\/content\/sites\/7\/2025\/04\/img-9284-1-338x450.jpg 338w, https:\/\/bakkenservice.no\/v\/content\/sites\/7\/2025\/04\/img-9284-1-68x90.jpg 68w, https:\/\/bakkenservice.no\/v\/content\/sites\/7\/2025\/04\/img-9284-1-scaled.jpg 1920w\" sizes=\"auto, (max-width: 328px) 100vw, 328px\" \/> <img loading=\"lazy\" decoding=\"async\" class=\"alignnone  wp-image-1445\" src=\"https:\/\/bakkenservice.no\/v\/content\/sites\/7\/2025\/02\/bakken-graving-35-443x590.jpg\" alt=\"\" width=\"338\" height=\"450\" srcset=\"https:\/\/bakkenservice.no\/v\/content\/sites\/7\/2025\/02\/bakken-graving-35-443x590.jpg 443w, https:\/\/bakkenservice.no\/v\/content\/sites\/7\/2025\/02\/bakken-graving-35-225x300.jpg 225w, https:\/\/bakkenservice.no\/v\/content\/sites\/7\/2025\/02\/bakken-graving-35-768x1024.jpg 768w, https:\/\/bakkenservice.no\/v\/content\/sites\/7\/2025\/02\/bakken-graving-35-1152x1536.jpg 1152w, https:\/\/bakkenservice.no\/v\/content\/sites\/7\/2025\/02\/bakken-graving-35-1536x2048.jpg 1536w, https:\/\/bakkenservice.no\/v\/content\/sites\/7\/2025\/02\/bakken-graving-35-215x286.jpg 215w, https:\/\/bakkenservice.no\/v\/content\/sites\/7\/2025\/02\/bakken-graving-35-338x450.jpg 338w, https:\/\/bakkenservice.no\/v\/content\/sites\/7\/2025\/02\/bakken-graving-35-68x90.jpg 68w, https:\/\/bakkenservice.no\/v\/content\/sites\/7\/2025\/02\/bakken-graving-35-scaled.jpg 1920w\" sizes=\"auto, (max-width: 338px) 100vw, 338px\" \/><\/p>\r\n<p>&nbsp;<\/p>\r\n","protected":false},"excerpt":{"rendered":"<p>Vi i Bakken Service opplever god ettersp\u00f8rsel etter v\u00e5re tjenester, og har mange spennende prosjekter p\u00e5 gang i 2025. Vi jobber mye [\u2026]<\/p>\n","protected":false},"author":10,"featured_media":1532,"parent":0,"menu_order":0,"comment_status":"closed","ping_status":"closed","template":"career-page-template.php","meta":{"_acf_changed":false,"footnotes":""},"class_list":["post-1530","page","type-page","status-publish","has-post-thumbnail","hentry"],"acf":[],"yoast_head":"<!-- This site is optimized with the Yoast SEO plugin v26.6 - https:\/\/yoast.com\/wordpress\/plugins\/seo\/ -->\n<title>Kombinert BE sj\u00e5f\u00f8r og gravemaskinf\u00f8rer - Viken Avfall<\/title>\n<meta name=\"robots\" content=\"index, follow, max-snippet:-1, max-image-preview:large, max-video-preview:-1\" \/>\n<link rel=\"canonical\" href=\"https:\/\/bakkenservice.no\/v\/be-sjafor-og-gravemaskinforer\/\" \/>\n<meta property=\"og:locale\" content=\"nb_NO\" \/>\n<meta property=\"og:type\" content=\"article\" \/>\n<meta property=\"og:title\" content=\"Kombinert BE sj\u00e5f\u00f8r og gravemaskinf\u00f8rer - Viken Avfall\" \/>\n<meta property=\"og:description\" content=\"Vi i Bakken Service opplever god ettersp\u00f8rsel etter v\u00e5re tjenester, og har mange spennende prosjekter p\u00e5 gang i 2025. Vi jobber mye [\u2026]\" \/>\n<meta property=\"og:url\" content=\"https:\/\/bakkenservice.no\/v\/be-sjafor-og-gravemaskinforer\/\" \/>\n<meta property=\"og:site_name\" content=\"Viken Avfall\" \/>\n<meta property=\"article:modified_time\" content=\"2025-04-19T16:10:05+00:00\" \/>\n<meta property=\"og:image\" content=\"https:\/\/bakkenservice.no\/v\/content\/sites\/7\/2025\/04\/img-9267-scaled.jpg\" \/>\n\t<meta property=\"og:image:width\" content=\"1920\" \/>\n\t<meta property=\"og:image:height\" content=\"2560\" \/>\n\t<meta property=\"og:image:type\" content=\"image\/jpeg\" \/>\n<meta name=\"twitter:card\" content=\"summary_large_image\" \/>\n<meta name=\"twitter:label1\" content=\"Ansl. lesetid\" \/>\n\t<meta name=\"twitter:data1\" content=\"4 minutter\" \/>\n<script type=\"application\/ld+json\" class=\"yoast-schema-graph\">{\"@context\":\"https:\/\/schema.org\",\"@graph\":[{\"@type\":\"WebPage\",\"@id\":\"https:\/\/bakkenservice.no\/v\/be-sjafor-og-gravemaskinforer\/\",\"url\":\"https:\/\/bakkenservice.no\/v\/be-sjafor-og-gravemaskinforer\/\",\"name\":\"Kombinert BE sj\u00e5f\u00f8r og gravemaskinf\u00f8rer - Viken Avfall\",\"isPartOf\":{\"@id\":\"https:\/\/bakkenservice.no\/v\/#website\"},\"primaryImageOfPage\":{\"@id\":\"https:\/\/bakkenservice.no\/v\/be-sjafor-og-gravemaskinforer\/#primaryimage\"},\"image\":{\"@id\":\"https:\/\/bakkenservice.no\/v\/be-sjafor-og-gravemaskinforer\/#primaryimage\"},\"thumbnailUrl\":\"https:\/\/bakkenservice.no\/v\/content\/sites\/7\/2025\/04\/img-9267-scaled.jpg\",\"datePublished\":\"2025-04-19T15:18:09+00:00\",\"dateModified\":\"2025-04-19T16:10:05+00:00\",\"breadcrumb\":{\"@id\":\"https:\/\/bakkenservice.no\/v\/be-sjafor-og-gravemaskinforer\/#breadcrumb\"},\"inLanguage\":\"nb-NO\",\"potentialAction\":[{\"@type\":\"ReadAction\",\"target\":[\"https:\/\/bakkenservice.no\/v\/be-sjafor-og-gravemaskinforer\/\"]}]},{\"@type\":\"ImageObject\",\"inLanguage\":\"nb-NO\",\"@id\":\"https:\/\/bakkenservice.no\/v\/be-sjafor-og-gravemaskinforer\/#primaryimage\",\"url\":\"https:\/\/bakkenservice.no\/v\/content\/sites\/7\/2025\/04\/img-9267-scaled.jpg\",\"contentUrl\":\"https:\/\/bakkenservice.no\/v\/content\/sites\/7\/2025\/04\/img-9267-scaled.jpg\",\"width\":1920,\"height\":2560},{\"@type\":\"BreadcrumbList\",\"@id\":\"https:\/\/bakkenservice.no\/v\/be-sjafor-og-gravemaskinforer\/#breadcrumb\",\"itemListElement\":[{\"@type\":\"ListItem\",\"position\":1,\"name\":\"Hjem\",\"item\":\"https:\/\/bakkenservice.no\/v\/\"},{\"@type\":\"ListItem\",\"position\":2,\"name\":\"Kombinert BE sj\u00e5f\u00f8r og gravemaskinf\u00f8rer\"}]},{\"@type\":\"WebSite\",\"@id\":\"https:\/\/bakkenservice.no\/v\/#website\",\"url\":\"https:\/\/bakkenservice.no\/v\/\",\"name\":\"Viken Avfall\",\"description\":\"\",\"potentialAction\":[{\"@type\":\"SearchAction\",\"target\":{\"@type\":\"EntryPoint\",\"urlTemplate\":\"https:\/\/bakkenservice.no\/v\/?s={search_term_string}\"},\"query-input\":{\"@type\":\"PropertyValueSpecification\",\"valueRequired\":true,\"valueName\":\"search_term_string\"}}],\"inLanguage\":\"nb-NO\"}]}<\/script>\n<!-- \/ Yoast SEO plugin. -->","yoast_head_json":{"title":"Kombinert BE sj\u00e5f\u00f8r og gravemaskinf\u00f8rer - Viken Avfall","robots":{"index":"index","follow":"follow","max-snippet":"max-snippet:-1","max-image-preview":"max-image-preview:large","max-video-preview":"max-video-preview:-1"},"canonical":"https:\/\/bakkenservice.no\/v\/be-sjafor-og-gravemaskinforer\/","og_locale":"nb_NO","og_type":"article","og_title":"Kombinert BE sj\u00e5f\u00f8r og gravemaskinf\u00f8rer - Viken Avfall","og_description":"Vi i Bakken Service opplever god ettersp\u00f8rsel etter v\u00e5re tjenester, og har mange spennende prosjekter p\u00e5 gang i 2025. Vi jobber mye [\u2026]","og_url":"https:\/\/bakkenservice.no\/v\/be-sjafor-og-gravemaskinforer\/","og_site_name":"Viken Avfall","article_modified_time":"2025-04-19T16:10:05+00:00","og_image":[{"width":1920,"height":2560,"url":"https:\/\/bakkenservice.no\/v\/content\/sites\/7\/2025\/04\/img-9267-scaled.jpg","type":"image\/jpeg"}],"twitter_card":"summary_large_image","twitter_misc":{"Ansl. lesetid":"4 minutter"},"schema":{"@context":"https:\/\/schema.org","@graph":[{"@type":"WebPage","@id":"https:\/\/bakkenservice.no\/v\/be-sjafor-og-gravemaskinforer\/","url":"https:\/\/bakkenservice.no\/v\/be-sjafor-og-gravemaskinforer\/","name":"Kombinert BE sj\u00e5f\u00f8r og gravemaskinf\u00f8rer - Viken Avfall","isPartOf":{"@id":"https:\/\/bakkenservice.no\/v\/#website"},"primaryImageOfPage":{"@id":"https:\/\/bakkenservice.no\/v\/be-sjafor-og-gravemaskinforer\/#primaryimage"},"image":{"@id":"https:\/\/bakkenservice.no\/v\/be-sjafor-og-gravemaskinforer\/#primaryimage"},"thumbnailUrl":"https:\/\/bakkenservice.no\/v\/content\/sites\/7\/2025\/04\/img-9267-scaled.jpg","datePublished":"2025-04-19T15:18:09+00:00","dateModified":"2025-04-19T16:10:05+00:00","breadcrumb":{"@id":"https:\/\/bakkenservice.no\/v\/be-sjafor-og-gravemaskinforer\/#breadcrumb"},"inLanguage":"nb-NO","potentialAction":[{"@type":"ReadAction","target":["https:\/\/bakkenservice.no\/v\/be-sjafor-og-gravemaskinforer\/"]}]},{"@type":"ImageObject","inLanguage":"nb-NO","@id":"https:\/\/bakkenservice.no\/v\/be-sjafor-og-gravemaskinforer\/#primaryimage","url":"https:\/\/bakkenservice.no\/v\/content\/sites\/7\/2025\/04\/img-9267-scaled.jpg","contentUrl":"https:\/\/bakkenservice.no\/v\/content\/sites\/7\/2025\/04\/img-9267-scaled.jpg","width":1920,"height":2560},{"@type":"BreadcrumbList","@id":"https:\/\/bakkenservice.no\/v\/be-sjafor-og-gravemaskinforer\/#breadcrumb","itemListElement":[{"@type":"ListItem","position":1,"name":"Hjem","item":"https:\/\/bakkenservice.no\/v\/"},{"@type":"ListItem","position":2,"name":"Kombinert BE sj\u00e5f\u00f8r og gravemaskinf\u00f8rer"}]},{"@type":"WebSite","@id":"https:\/\/bakkenservice.no\/v\/#website","url":"https:\/\/bakkenservice.no\/v\/","name":"Viken Avfall","description":"","potentialAction":[{"@type":"SearchAction","target":{"@type":"EntryPoint","urlTemplate":"https:\/\/bakkenservice.no\/v\/?s={search_term_string}"},"query-input":{"@type":"PropertyValueSpecification","valueRequired":true,"valueName":"search_term_string"}}],"inLanguage":"nb-NO"}]}},"_links":{"self":[{"href":"https:\/\/bakkenservice.no\/v\/wp-json\/wp\/v2\/pages\/1530","targetHints":{"allow":["GET"]}}],"collection":[{"href":"https:\/\/bakkenservice.no\/v\/wp-json\/wp\/v2\/pages"}],"about":[{"href":"https:\/\/bakkenservice.no\/v\/wp-json\/wp\/v2\/types\/page"}],"author":[{"embeddable":true,"href":"https:\/\/bakkenservice.no\/v\/wp-json\/wp\/v2\/users\/10"}],"replies":[{"embeddable":true,"href":"https:\/\/bakkenservice.no\/v\/wp-json\/wp\/v2\/comments?post=1530"}],"version-history":[{"count":7,"href":"https:\/\/bakkenservice.no\/v\/wp-json\/wp\/v2\/pages\/1530\/revisions"}],"predecessor-version":[{"id":1542,"href":"https:\/\/bakkenservice.no\/v\/wp-json\/wp\/v2\/pages\/1530\/revisions\/1542"}],"wp:featuredmedia":[{"embeddable":true,"href":"https:\/\/bakkenservice.no\/v\/wp-json\/wp\/v2\/media\/1532"}],"wp:attachment":[{"href":"https:\/\/bakkenservice.no\/v\/wp-json\/wp\/v2\/media?parent=1530"}],"curies":[{"name":"wp","href":"https:\/\/api.w.org\/{rel}","templated":true}]}}