{"id":1459,"date":"2025-03-21T18:11:09","date_gmt":"2025-03-21T17:11:09","guid":{"rendered":"https:\/\/bakkenservice.no\/v\/?page_id=1459"},"modified":"2025-03-22T14:49:49","modified_gmt":"2025-03-22T13:49:49","slug":"markedsforer","status":"publish","type":"page","link":"https:\/\/bakkenservice.no\/v\/markedsforer\/","title":{"rendered":"Markeds\u00adkonsulent med X-faktor"},"content":{"rendered":"\r\n\r\n\r\n<h2 class=\"wp-block-heading\">Blir du engasjert av tanken p\u00e5 \u00e5 markedsf\u00f8re et helt nytt konsept for utvikling av uteomr\u00e5der og hager med X-faktor? Da er du kanskje personen vi leter etter.<\/h2>\r\n<p>Vi i Bakken Service liker oss godt p\u00e5 bakken og vi designer og bygger hager og uterom. Vi s\u00f8ker deg som deler v\u00e5r lidenskap for fine uteomr\u00e5der og som samtidig har evnene som kreves for \u00e5 markedsf\u00f8re tjenestene v\u00e5re i sosiale medier og p\u00e5 nettsider.<\/p>\r\n<p>Vi liker oss godt ute p\u00e5 prosjekter og jobber mye remote sammen i teamet.<\/p>\r\n<p>For lettere \u00e5 kunne n\u00e5 m\u00e5lgruppene, har vi n\u00e5 valgt \u00e5 dele opp i tre forskjellige domener\/kanaler.<\/p>\r\n<ul>\r\n<li><a href=\"https:\/\/www.bakkenx.no\">www.bakkenx.no<\/a> <br \/>Hagedesign og Landskapsarkitektur mot uterom med X-faktor<\/li>\r\n<li><a href=\"https:\/\/www.bakkenservice.no\/v\">www.bakkenservice.no\/v<\/a> <br \/>Hagedesign, Anleggsgartner og Gartner<\/li>\r\n<li><a href=\"https:\/\/www.bakkenanlegg.no\">www.bakkenanlegg.no<\/a> <br \/>Graving, grunnarbeid og massetransport<\/li>\r\n<\/ul>\r\n<p><strong>Eksempler p\u00e5 dagens markedsf\u00f8ring:<\/strong><\/p>\r\n<p><img loading=\"lazy\" decoding=\"async\" class=\"alignnone size-large wp-image-1467\" src=\"https:\/\/bakkenservice.no\/v\/content\/sites\/7\/2025\/03\/mockup-x2-313x590.jpg\" alt=\"Markedsf\u00f8ring for BakkenService\" width=\"313\" height=\"590\" srcset=\"https:\/\/bakkenservice.no\/v\/content\/sites\/7\/2025\/03\/mockup-x2-313x590.jpg 313w, https:\/\/bakkenservice.no\/v\/content\/sites\/7\/2025\/03\/mockup-x2-159x300.jpg 159w, https:\/\/bakkenservice.no\/v\/content\/sites\/7\/2025\/03\/mockup-x2-152x286.jpg 152w, https:\/\/bakkenservice.no\/v\/content\/sites\/7\/2025\/03\/mockup-x2-239x450.jpg 239w, https:\/\/bakkenservice.no\/v\/content\/sites\/7\/2025\/03\/mockup-x2-48x90.jpg 48w, https:\/\/bakkenservice.no\/v\/content\/sites\/7\/2025\/03\/mockup-x2.jpg 406w\" sizes=\"auto, (max-width: 313px) 100vw, 313px\" \/><img loading=\"lazy\" decoding=\"async\" class=\"alignnone size-large wp-image-1466\" src=\"https:\/\/bakkenservice.no\/v\/content\/sites\/7\/2025\/03\/mockup-x3-313x590.jpg\" alt=\"Markedsf\u00f8ring for BakkenX\" width=\"313\" height=\"590\" srcset=\"https:\/\/bakkenservice.no\/v\/content\/sites\/7\/2025\/03\/mockup-x3-313x590.jpg 313w, https:\/\/bakkenservice.no\/v\/content\/sites\/7\/2025\/03\/mockup-x3-159x300.jpg 159w, https:\/\/bakkenservice.no\/v\/content\/sites\/7\/2025\/03\/mockup-x3-152x286.jpg 152w, https:\/\/bakkenservice.no\/v\/content\/sites\/7\/2025\/03\/mockup-x3-239x450.jpg 239w, https:\/\/bakkenservice.no\/v\/content\/sites\/7\/2025\/03\/mockup-x3-48x90.jpg 48w, https:\/\/bakkenservice.no\/v\/content\/sites\/7\/2025\/03\/mockup-x3.jpg 406w\" sizes=\"auto, (max-width: 313px) 100vw, 313px\" \/><img loading=\"lazy\" decoding=\"async\" class=\"alignnone size-large wp-image-1468\" src=\"https:\/\/bakkenservice.no\/v\/content\/sites\/7\/2025\/03\/mockup-x-313x590.jpg\" alt=\"Markedsf\u00f8ring p\u00e5 instagram for BakkenX\" width=\"313\" height=\"590\" srcset=\"https:\/\/bakkenservice.no\/v\/content\/sites\/7\/2025\/03\/mockup-x-313x590.jpg 313w, https:\/\/bakkenservice.no\/v\/content\/sites\/7\/2025\/03\/mockup-x-159x300.jpg 159w, https:\/\/bakkenservice.no\/v\/content\/sites\/7\/2025\/03\/mockup-x-152x286.jpg 152w, https:\/\/bakkenservice.no\/v\/content\/sites\/7\/2025\/03\/mockup-x-239x450.jpg 239w, https:\/\/bakkenservice.no\/v\/content\/sites\/7\/2025\/03\/mockup-x-48x90.jpg 48w, https:\/\/bakkenservice.no\/v\/content\/sites\/7\/2025\/03\/mockup-x.jpg 406w\" sizes=\"auto, (max-width: 313px) 100vw, 313px\" \/><\/p>\r\n<p>Alle tre omr\u00e5dene henger sammen, men vi tror det er mange fordeler ved \u00e5 holde markedsf\u00f8ringen adskilt s\u00e5nn at vi lettere kan n\u00e5 m\u00e5lgruppene.<br \/><br \/><br \/><\/p>\r\n<div class=\"images\"><img loading=\"lazy\" decoding=\"async\" class=\"x1 alignnone\" src=\"http:\/\/brain.career\/bakkenservice\/wp-content\/sites\/7\/uploads\/sites\/6\/2022\/03\/myrervn-18-10-590x443-e1742136349647.jpeg\" alt=\"\" width=\"800\" height=\"800\" \/><img loading=\"lazy\" decoding=\"async\" class=\"x2\" src=\"http:\/\/brain.career\/bakkenservice\/wp-content\/sites\/7\/uploads\/sites\/6\/2024\/05\/hagedesign-3dvisualisering-8-2.jpg\" alt=\"\" width=\"1200\" height=\"800\" \/> <img loading=\"lazy\" decoding=\"async\" class=\"x3\" src=\"http:\/\/brain.career\/bakkenservice\/wp-content\/sites\/7\/uploads\/sites\/6\/2023\/03\/hagedesign-3dvisualisering-1-1536x866-1.jpg\" alt=\"\" width=\"1200\" height=\"800\" \/> <img loading=\"lazy\" decoding=\"async\" class=\"x4 alignnone\" src=\"http:\/\/brain.career\/bakkenservice\/wp-content\/sites\/7\/uploads\/sites\/6\/2023\/03\/SBtorrhytte_1-e1717078317688.jpg\" alt=\"\" width=\"1200\" height=\"800\" \/><\/div>\r\n<p>&nbsp;<\/p>\r\n<p><strong>Vi s\u00f8ker etter deg som:<\/strong><\/p>\r\n<ul>\r\n<li>er flink til \u00e5 ordlegge deg og tenker strategisk om markedsf\u00f8ring<\/li>\r\n<li>har erfaring med Meta og Google sine annonsesystemer<\/li>\r\n<li>har en interesse for hagefaget og det vi holder p\u00e5 med<\/li>\r\n<li>har erfaring som innholdsprodusent og jobber godt med b\u00e5de tekst, bilder og video<\/li>\r\n<li>liker og ikke minst har mulighet til \u00e5 v\u00e6re med ut p\u00e5 prosjektene for \u00e5 hente inn innhold i form av bilder og video<\/li>\r\n<\/ul>\r\n<p><strong>Dine egenskaper:<\/strong><\/p>\r\n<ul>\r\n<li>Sterke kommunikasjonsevner<\/li>\r\n<li>Gode analytiske evner<\/li>\r\n<li>Klarer \u00e5 ha flere baller i lufta samtidig<\/li>\r\n<li>Trygg p\u00e5 Meta og Google sine annonsesystemer<\/li>\r\n<li>Erfaring med Adobe-pakken og WordPress er \u00f8nskelig<\/li>\r\n<li>Strukturert og selvstendig<\/li>\r\n<\/ul>\r\n<p>Innledningsvis vil nok dette v\u00e6re et deltidsengasjement, men vi har stor tro p\u00e5 at vi etter hvert kan fylle en hel stilling. Vi kan v\u00e6re interessert i b\u00e5de fast ansettelse eller et samarbeid hvor du leies inn, dersom du allerede driver for deg selv. \u00a0<\/p>\r\n<p><em><strong>Om arbeidsgiveren<\/strong> Bakken Service er en erfaren og engasjert anleggsgartner. Vi designer, opparbeider og vedlikeholder hager og uterom b\u00e5de for privatpersoner, borettslag og bedrifter.<\/em><\/p>\r\n<h2><strong>Er det deg vi beskriver over? <\/strong><\/h2>\r\n<p>Send oss noen linjer om deg selv via skjemaet under, s\u00e5 tar vi en prat en dag.<\/p>\r\n","protected":false},"excerpt":{"rendered":"<p>Blir du engasjert av tanken p\u00e5 \u00e5 markedsf\u00f8re et helt nytt konsept for utvikling av uteomr\u00e5der og hager med X-faktor? Da er [\u2026]<\/p>\n","protected":false},"author":9,"featured_media":1464,"parent":0,"menu_order":0,"comment_status":"closed","ping_status":"closed","template":"career-page-template.php","meta":{"_acf_changed":false,"footnotes":""},"class_list":["post-1459","page","type-page","status-publish","has-post-thumbnail","hentry"],"acf":[],"yoast_head":"<!-- This site is optimized with the Yoast SEO plugin v26.6 - https:\/\/yoast.com\/wordpress\/plugins\/seo\/ -->\n<title>Markeds\u00adkonsulent med X-faktor - Viken Avfall<\/title>\n<meta name=\"description\" content=\"Er du markedsf\u00f8reren vi leter etter? Vi har ledig stilling som markedsf\u00f8rer, fotograf, designer og merkevareeier.\" \/>\n<meta name=\"robots\" content=\"index, follow, max-snippet:-1, max-image-preview:large, max-video-preview:-1\" \/>\n<link rel=\"canonical\" href=\"https:\/\/bakkenservice.no\/v\/markedsforer\/\" \/>\n<meta property=\"og:locale\" content=\"nb_NO\" \/>\n<meta property=\"og:type\" content=\"article\" \/>\n<meta property=\"og:title\" content=\"Markeds\u00adkonsulent med X-faktor - Viken Avfall\" \/>\n<meta property=\"og:description\" content=\"Er du markedsf\u00f8reren vi leter etter? Vi har ledig stilling som markedsf\u00f8rer, fotograf, designer og merkevareeier.\" \/>\n<meta property=\"og:url\" content=\"https:\/\/bakkenservice.no\/v\/markedsforer\/\" \/>\n<meta property=\"og:site_name\" content=\"Viken Avfall\" \/>\n<meta property=\"article:modified_time\" content=\"2025-03-22T13:49:49+00:00\" \/>\n<meta property=\"og:image\" content=\"https:\/\/bakkenservice.no\/v\/content\/sites\/7\/2025\/03\/bakkenx.jpg\" \/>\n\t<meta property=\"og:image:width\" content=\"2500\" \/>\n\t<meta property=\"og:image:height\" content=\"1213\" \/>\n\t<meta property=\"og:image:type\" content=\"image\/jpeg\" \/>\n<meta name=\"twitter:card\" content=\"summary_large_image\" \/>\n<meta name=\"twitter:label1\" content=\"Ansl. lesetid\" \/>\n\t<meta name=\"twitter:data1\" content=\"4 minutter\" \/>\n<script type=\"application\/ld+json\" class=\"yoast-schema-graph\">{\"@context\":\"https:\/\/schema.org\",\"@graph\":[{\"@type\":\"WebPage\",\"@id\":\"https:\/\/bakkenservice.no\/v\/markedsforer\/\",\"url\":\"https:\/\/bakkenservice.no\/v\/markedsforer\/\",\"name\":\"Markeds\u00adkonsulent med X-faktor - Viken Avfall\",\"isPartOf\":{\"@id\":\"https:\/\/bakkenservice.no\/v\/#website\"},\"primaryImageOfPage\":{\"@id\":\"https:\/\/bakkenservice.no\/v\/markedsforer\/#primaryimage\"},\"image\":{\"@id\":\"https:\/\/bakkenservice.no\/v\/markedsforer\/#primaryimage\"},\"thumbnailUrl\":\"https:\/\/bakkenservice.no\/v\/content\/sites\/7\/2025\/03\/bakkenx.jpg\",\"datePublished\":\"2025-03-21T17:11:09+00:00\",\"dateModified\":\"2025-03-22T13:49:49+00:00\",\"description\":\"Er du markedsf\u00f8reren vi leter etter? Vi har ledig stilling som markedsf\u00f8rer, fotograf, designer og merkevareeier.\",\"breadcrumb\":{\"@id\":\"https:\/\/bakkenservice.no\/v\/markedsforer\/#breadcrumb\"},\"inLanguage\":\"nb-NO\",\"potentialAction\":[{\"@type\":\"ReadAction\",\"target\":[\"https:\/\/bakkenservice.no\/v\/markedsforer\/\"]}]},{\"@type\":\"ImageObject\",\"inLanguage\":\"nb-NO\",\"@id\":\"https:\/\/bakkenservice.no\/v\/markedsforer\/#primaryimage\",\"url\":\"https:\/\/bakkenservice.no\/v\/content\/sites\/7\/2025\/03\/bakkenx.jpg\",\"contentUrl\":\"https:\/\/bakkenservice.no\/v\/content\/sites\/7\/2025\/03\/bakkenx.jpg\",\"width\":2500,\"height\":1213,\"caption\":\"Markedsf\u00f8rer i BakkenService\"},{\"@type\":\"BreadcrumbList\",\"@id\":\"https:\/\/bakkenservice.no\/v\/markedsforer\/#breadcrumb\",\"itemListElement\":[{\"@type\":\"ListItem\",\"position\":1,\"name\":\"Hjem\",\"item\":\"https:\/\/bakkenservice.no\/v\/\"},{\"@type\":\"ListItem\",\"position\":2,\"name\":\"Markeds\u00adkonsulent med X-faktor\"}]},{\"@type\":\"WebSite\",\"@id\":\"https:\/\/bakkenservice.no\/v\/#website\",\"url\":\"https:\/\/bakkenservice.no\/v\/\",\"name\":\"Viken Avfall\",\"description\":\"\",\"potentialAction\":[{\"@type\":\"SearchAction\",\"target\":{\"@type\":\"EntryPoint\",\"urlTemplate\":\"https:\/\/bakkenservice.no\/v\/?s={search_term_string}\"},\"query-input\":{\"@type\":\"PropertyValueSpecification\",\"valueRequired\":true,\"valueName\":\"search_term_string\"}}],\"inLanguage\":\"nb-NO\"}]}<\/script>\n<!-- \/ Yoast SEO plugin. -->","yoast_head_json":{"title":"Markeds\u00adkonsulent med X-faktor - Viken Avfall","description":"Er du markedsf\u00f8reren vi leter etter? Vi har ledig stilling som markedsf\u00f8rer, fotograf, designer og merkevareeier.","robots":{"index":"index","follow":"follow","max-snippet":"max-snippet:-1","max-image-preview":"max-image-preview:large","max-video-preview":"max-video-preview:-1"},"canonical":"https:\/\/bakkenservice.no\/v\/markedsforer\/","og_locale":"nb_NO","og_type":"article","og_title":"Markeds\u00adkonsulent med X-faktor - Viken Avfall","og_description":"Er du markedsf\u00f8reren vi leter etter? Vi har ledig stilling som markedsf\u00f8rer, fotograf, designer og merkevareeier.","og_url":"https:\/\/bakkenservice.no\/v\/markedsforer\/","og_site_name":"Viken Avfall","article_modified_time":"2025-03-22T13:49:49+00:00","og_image":[{"width":2500,"height":1213,"url":"https:\/\/bakkenservice.no\/v\/content\/sites\/7\/2025\/03\/bakkenx.jpg","type":"image\/jpeg"}],"twitter_card":"summary_large_image","twitter_misc":{"Ansl. lesetid":"4 minutter"},"schema":{"@context":"https:\/\/schema.org","@graph":[{"@type":"WebPage","@id":"https:\/\/bakkenservice.no\/v\/markedsforer\/","url":"https:\/\/bakkenservice.no\/v\/markedsforer\/","name":"Markeds\u00adkonsulent med X-faktor - Viken Avfall","isPartOf":{"@id":"https:\/\/bakkenservice.no\/v\/#website"},"primaryImageOfPage":{"@id":"https:\/\/bakkenservice.no\/v\/markedsforer\/#primaryimage"},"image":{"@id":"https:\/\/bakkenservice.no\/v\/markedsforer\/#primaryimage"},"thumbnailUrl":"https:\/\/bakkenservice.no\/v\/content\/sites\/7\/2025\/03\/bakkenx.jpg","datePublished":"2025-03-21T17:11:09+00:00","dateModified":"2025-03-22T13:49:49+00:00","description":"Er du markedsf\u00f8reren vi leter etter? Vi har ledig stilling som markedsf\u00f8rer, fotograf, designer og merkevareeier.","breadcrumb":{"@id":"https:\/\/bakkenservice.no\/v\/markedsforer\/#breadcrumb"},"inLanguage":"nb-NO","potentialAction":[{"@type":"ReadAction","target":["https:\/\/bakkenservice.no\/v\/markedsforer\/"]}]},{"@type":"ImageObject","inLanguage":"nb-NO","@id":"https:\/\/bakkenservice.no\/v\/markedsforer\/#primaryimage","url":"https:\/\/bakkenservice.no\/v\/content\/sites\/7\/2025\/03\/bakkenx.jpg","contentUrl":"https:\/\/bakkenservice.no\/v\/content\/sites\/7\/2025\/03\/bakkenx.jpg","width":2500,"height":1213,"caption":"Markedsf\u00f8rer i BakkenService"},{"@type":"BreadcrumbList","@id":"https:\/\/bakkenservice.no\/v\/markedsforer\/#breadcrumb","itemListElement":[{"@type":"ListItem","position":1,"name":"Hjem","item":"https:\/\/bakkenservice.no\/v\/"},{"@type":"ListItem","position":2,"name":"Markeds\u00adkonsulent med X-faktor"}]},{"@type":"WebSite","@id":"https:\/\/bakkenservice.no\/v\/#website","url":"https:\/\/bakkenservice.no\/v\/","name":"Viken Avfall","description":"","potentialAction":[{"@type":"SearchAction","target":{"@type":"EntryPoint","urlTemplate":"https:\/\/bakkenservice.no\/v\/?s={search_term_string}"},"query-input":{"@type":"PropertyValueSpecification","valueRequired":true,"valueName":"search_term_string"}}],"inLanguage":"nb-NO"}]}},"_links":{"self":[{"href":"https:\/\/bakkenservice.no\/v\/wp-json\/wp\/v2\/pages\/1459","targetHints":{"allow":["GET"]}}],"collection":[{"href":"https:\/\/bakkenservice.no\/v\/wp-json\/wp\/v2\/pages"}],"about":[{"href":"https:\/\/bakkenservice.no\/v\/wp-json\/wp\/v2\/types\/page"}],"author":[{"embeddable":true,"href":"https:\/\/bakkenservice.no\/v\/wp-json\/wp\/v2\/users\/9"}],"replies":[{"embeddable":true,"href":"https:\/\/bakkenservice.no\/v\/wp-json\/wp\/v2\/comments?post=1459"}],"version-history":[{"count":12,"href":"https:\/\/bakkenservice.no\/v\/wp-json\/wp\/v2\/pages\/1459\/revisions"}],"predecessor-version":[{"id":1493,"href":"https:\/\/bakkenservice.no\/v\/wp-json\/wp\/v2\/pages\/1459\/revisions\/1493"}],"wp:featuredmedia":[{"embeddable":true,"href":"https:\/\/bakkenservice.no\/v\/wp-json\/wp\/v2\/media\/1464"}],"wp:attachment":[{"href":"https:\/\/bakkenservice.no\/v\/wp-json\/wp\/v2\/media?parent=1459"}],"curies":[{"name":"wp","href":"https:\/\/api.w.org\/{rel}","templated":true}]}}