{"id":13,"date":"2019-08-30T15:10:57","date_gmt":"2019-08-30T13:10:57","guid":{"rendered":"https:\/\/bakkenservice.no\/v\/?page_id=13"},"modified":"2026-01-29T10:22:48","modified_gmt":"2026-01-29T09:22:48","slug":"forside","status":"publish","type":"page","link":"https:\/\/bakkenservice.no\/v\/","title":{"rendered":"Forside"},"content":{"rendered":"\n<div id=\"block_0a5a49e63af810f96a2e25f4087ff7a1\" class=\"block-services alignwide\">\n\t\t\t<h3>Tjenester<\/h3>\n\t\n\t<!-- Checks if post were chosen, if not adds post from query -->\n\t\n\t<div class=\"servicebox\">\n\t\t\t\t\t\t\t\t<div class=\"services\">\n\t\t\t\t<a href=\"https:\/\/bakkenservice.no\/v\/blog\/tjenester\/hagedesign\/\">\n\t\t\t\t\t<div class=\"img-box\"><img loading=\"lazy\" decoding=\"async\" width=\"156\" height=\"121\" src=\"https:\/\/bakkenservice.no\/v\/content\/sites\/7\/2021\/12\/icon-pencil-sprout-a1.png\" class=\"service-img wp-post-image\" alt=\"\" srcset=\"https:\/\/bakkenservice.no\/v\/content\/sites\/7\/2021\/12\/icon-pencil-sprout-a1.png 156w, https:\/\/bakkenservice.no\/v\/content\/sites\/7\/2021\/12\/icon-pencil-sprout-a1-116x90.png 116w\" sizes=\"auto, (max-width: 156px) 100vw, 156px\" \/><\/div>\n\t\t\t\t\t<h4 class=\"services\">Hagedesign<\/h4>\n\t\t\t\t\t<p>Hagedesign<\/p>\n\t\t\t\t\t<!-- <p><\/p> -->\n\t\t\t\t\t<a href=\"https:\/\/bakkenservice.no\/v\/blog\/tjenester\/hagedesign\/\"><button class=\"service-button\">Les mer her<\/button><\/a>\n\t\t\t\t<\/a>\n\t\t\t<\/div>\n\t\t\t\t\t\t\t\t<div class=\"services\">\n\t\t\t\t<a href=\"https:\/\/bakkenservice.no\/v\/blog\/tjenester\/anleggsgartner\/\">\n\t\t\t\t\t<div class=\"img-box\"><img decoding=\"async\" src=\"https:\/\/bakkenservice.no\/v\/content\/sites\/7\/2019\/09\/ic_anleggsgartner.svg\" class=\"service-img wp-post-image\" alt=\"ikon anleggsgartner\" \/><\/div>\n\t\t\t\t\t<h4 class=\"services\">Anleggsgartner<\/h4>\n\t\t\t\t\t<p>Opparbeiding av hage og uteomr\u00e5de<\/p>\n\t\t\t\t\t<!-- <p><\/p> -->\n\t\t\t\t\t<a href=\"https:\/\/bakkenservice.no\/v\/blog\/tjenester\/anleggsgartner\/\"><button class=\"service-button\">Les mer her<\/button><\/a>\n\t\t\t\t<\/a>\n\t\t\t<\/div>\n\t\t\t\t\t\t\t\t<div class=\"services\">\n\t\t\t\t<a href=\"https:\/\/bakkenservice.no\/v\/blog\/tjenester\/graving-og-grunnarbeid\/\">\n\t\t\t\t\t<div class=\"img-box\"><img decoding=\"async\" src=\"https:\/\/bakkenservice.no\/v\/content\/sites\/7\/2023\/12\/ic-graving.svg\" class=\"service-img wp-post-image\" alt=\"Graving og drenering\" \/><\/div>\n\t\t\t\t\t<h4 class=\"services\">Graving og grunnarbeid<\/h4>\n\t\t\t\t\t<p>Graving og drenering<\/p>\n\t\t\t\t\t<!-- <p><\/p> -->\n\t\t\t\t\t<a href=\"https:\/\/bakkenservice.no\/v\/blog\/tjenester\/graving-og-grunnarbeid\/\"><button class=\"service-button\">Les mer her<\/button><\/a>\n\t\t\t\t<\/a>\n\t\t\t<\/div>\n\t\t\t\t\t\t\t\t<div class=\"services\">\n\t\t\t\t<a href=\"https:\/\/bakkenservice.no\/v\/blog\/tjenester\/drenering-2\/\">\n\t\t\t\t\t<div class=\"img-box\"><img decoding=\"async\" src=\"https:\/\/bakkenservice.no\/v\/content\/sites\/7\/2025\/09\/drenering_1.svg\" class=\"service-img wp-post-image\" alt=\"Drenering\" \/><\/div>\n\t\t\t\t\t<h4 class=\"services\">Drenering<\/h4>\n\t\t\t\t\t<p>Drenering, isolering og fuktsikring i Follo omr\u00e5det, Oslo \u00f8st og omegn<\/p>\n\t\t\t\t\t<!-- <p><\/p> -->\n\t\t\t\t\t<a href=\"https:\/\/bakkenservice.no\/v\/blog\/tjenester\/drenering-2\/\"><button class=\"service-button\">Les mer her<\/button><\/a>\n\t\t\t\t<\/a>\n\t\t\t<\/div>\n\t\t\t\t\t\t\t\t<div class=\"services\">\n\t\t\t\t<a href=\"https:\/\/bakkenservice.no\/v\/blog\/tjenester\/steinlegging\/\">\n\t\t\t\t\t<div class=\"img-box\"><img decoding=\"async\" src=\"https:\/\/bakkenservice.no\/v\/content\/sites\/7\/2021\/03\/ic_steinlegging_2.svg\" class=\"service-img wp-post-image\" alt=\"\" \/><\/div>\n\t\t\t\t\t<h4 class=\"services\">Steinlegging<\/h4>\n\t\t\t\t\t<p>Steinlegging og murer<\/p>\n\t\t\t\t\t<!-- <p><\/p> -->\n\t\t\t\t\t<a href=\"https:\/\/bakkenservice.no\/v\/blog\/tjenester\/steinlegging\/\"><button class=\"service-button\">Les mer her<\/button><\/a>\n\t\t\t\t<\/a>\n\t\t\t<\/div>\n\t\t\t\t\t\t\t\t<div class=\"services\">\n\t\t\t\t<a href=\"https:\/\/bakkenservice.no\/v\/blog\/tjenester\/hage\/\">\n\t\t\t\t\t<div class=\"img-box\"><img decoding=\"async\" src=\"https:\/\/bakkenservice.no\/v\/content\/sites\/7\/2019\/09\/ic_hage.svg\" class=\"service-img wp-post-image\" alt=\"Ikon tr\u00e6r\" \/><\/div>\n\t\t\t\t\t<h4 class=\"services\">Gartner<\/h4>\n\t\t\t\t\t<p>Vedlikehold av hage<\/p>\n\t\t\t\t\t<!-- <p><\/p> -->\n\t\t\t\t\t<a href=\"https:\/\/bakkenservice.no\/v\/blog\/tjenester\/hage\/\"><button class=\"service-button\">Les mer her<\/button><\/a>\n\t\t\t\t<\/a>\n\t\t\t<\/div>\n\t\t\t\t\t\t\t\t<div class=\"services\">\n\t\t\t\t<a href=\"https:\/\/bakkenservice.no\/v\/blog\/tjenester\/snekker\/\">\n\t\t\t\t\t<div class=\"img-box\"><img decoding=\"async\" src=\"https:\/\/bakkenservice.no\/v\/content\/sites\/7\/2021\/03\/ic_snekkertjenester_2.svg\" class=\"service-img wp-post-image\" alt=\"\" \/><\/div>\n\t\t\t\t\t<h4 class=\"services\">Snekker<\/h4>\n\t\t\t\t\t<p>Sm\u00e5 og st\u00f8rre snekkerarbeider<\/p>\n\t\t\t\t\t<!-- <p><\/p> -->\n\t\t\t\t\t<a href=\"https:\/\/bakkenservice.no\/v\/blog\/tjenester\/snekker\/\"><button class=\"service-button\">Les mer her<\/button><\/a>\n\t\t\t\t<\/a>\n\t\t\t<\/div>\n\t\t\t\t\t\t\t\t<div class=\"services\">\n\t\t\t\t<a href=\"https:\/\/bakkenservice.no\/v\/blog\/tjenester\/innendors-naturstein\/\">\n\t\t\t\t\t<div class=\"img-box\"><img decoding=\"async\" src=\"https:\/\/bakkenservice.no\/v\/content\/sites\/7\/2021\/12\/naturstein-innendors.svg\" class=\"service-img wp-post-image\" alt=\"naturstein-innendors\" \/><\/div>\n\t\t\t\t\t<h4 class=\"services\">Innend\u00f8rs naturstein<\/h4>\n\t\t\t\t\t<p>Steinlegging innend\u00f8rs<\/p>\n\t\t\t\t\t<!-- <p><\/p> -->\n\t\t\t\t\t<a href=\"https:\/\/bakkenservice.no\/v\/blog\/tjenester\/innendors-naturstein\/\"><button class=\"service-button\">Les mer her<\/button><\/a>\n\t\t\t\t<\/a>\n\t\t\t<\/div>\n\t\t\t\t\t\t\t\t<div class=\"services\">\n\t\t\t\t<a href=\"https:\/\/bakkenservice.no\/v\/blog\/tjenester\/vaktmestertjenester\/\">\n\t\t\t\t\t<div class=\"img-box\"><img decoding=\"async\" src=\"https:\/\/bakkenservice.no\/v\/content\/sites\/7\/2019\/09\/ic_hekkesaks.svg\" class=\"service-img wp-post-image\" alt=\"ikon hekkesaks\" \/><\/div>\n\t\t\t\t\t<h4 class=\"services\">Vaktmester<\/h4>\n\t\t\t\t\t<p>Tilsyn og vedlikehold<\/p>\n\t\t\t\t\t<!-- <p><\/p> -->\n\t\t\t\t\t<a href=\"https:\/\/bakkenservice.no\/v\/blog\/tjenester\/vaktmestertjenester\/\"><button class=\"service-button\">Les mer her<\/button><\/a>\n\t\t\t\t<\/a>\n\t\t\t<\/div>\n\t\t\t\t\t<\/div>\n<\/div>\n\n\n\n<div id=\"block_c7a2ede0dfd6463c3d543749e47e0b40\" class=\"block-cta alignfull\">\n\t<div class=\"contact-cta\">\n\t\t<div class=\"information\">\n\t\t\t\t\t\t\t<h2>Hva er ditt neste prosjekt?<\/h2>\n\t\t\t\n\t\t\t\t\t\t\t<p>Send oss en foresp\u00f8rsel, s\u00e5 tar vi kontakt<\/p>\n\t\t\t\t\t<\/div>\n\t\t\t<div class=\"cta-button\">\n\t\t\t\t\t\t\t<a href=\"https:\/\/bakkenservice.no\/v\/kontakt-oss\/#gform_wrapper_1\"><button>Kontakt oss<\/button><\/a>\n\t\t\t\t\t<\/div>\n\t<\/div>\n<\/div>\n\n\n\n<div id=\"block_01a0c02e9b4c73d3f5dc8fb93d14a6af\" class=\"block-projects alignwide\">\n\t\t\t<h3>Valgte prosjekter<\/h3>\n\t\n\t\n\t<div class=\"projects\">\n\t\t\t\t\t\t\t\t<div class=\"project\"><a href=\"https:\/\/bakkenservice.no\/v\/blog\/prosjekter\/nytt-uteomrade-for-pers-hotell\/\">\n\t\t\t\t<div class=\"project-image\" style=\"background-image: url( https:\/\/bakkenservice.no\/v\/content\/sites\/7\/2024\/09\/img-5123-480x210.jpg \"><\/div>\n\t\t\t\t<div class=\"project-details\">\n\t\t\t\t\t<div class=\"content\">\n\t\t\t\t\t\t<h4 class=\"title\">Uteomr\u00e5de for Pers Hotell<\/h4>\n\t\t\t\t\t\t<p class=\"description\">Per og Jeanette som driver Pers Hotell, er nettopp en slik kunde. Per eier og dri [&#8230;]<\/p>\n\t\t\t\t\t<\/div>\n\t\t\t\t\t<a class=\"link\" href=\"https:\/\/bakkenservice.no\/v\/blog\/prosjekter\/nytt-uteomrade-for-pers-hotell\/\">Les&nbsp;mer<\/a>\n\t\t\t\t<\/div><\/a>\n\t\t\t<\/div>\n\t\t\t\t\t\t\t\t<div class=\"project\"><a href=\"https:\/\/bakkenservice.no\/v\/blog\/prosjekter\/drenering-pa-ostensjo\/\">\n\t\t\t\t<div class=\"project-image\" style=\"background-image: url( https:\/\/bakkenservice.no\/v\/content\/sites\/7\/2025\/10\/f33-3-2-480x210.jpg \"><\/div>\n\t\t\t\t<div class=\"project-details\">\n\t\t\t\t\t<div class=\"content\">\n\t\t\t\t\t\t<h4 class=\"title\">Drenering p\u00e5 \u00d8stensj\u00f8<\/h4>\n\t\t\t\t\t\t<p class=\"description\">Kunden \u00f8nsket en sikker dreneringsl\u00f8sning samtidig som uteomr\u00e5det skulle bevares  [&#8230;]<\/p>\n\t\t\t\t\t<\/div>\n\t\t\t\t\t<a class=\"link\" href=\"https:\/\/bakkenservice.no\/v\/blog\/prosjekter\/drenering-pa-ostensjo\/\">Les&nbsp;mer<\/a>\n\t\t\t\t<\/div><\/a>\n\t\t\t<\/div>\n\t\t\t\t\t\t\t\t<div class=\"project\"><a href=\"https:\/\/bakkenservice.no\/v\/blog\/prosjekter\/gartnerarbeid-nesoya\/\">\n\t\t\t\t<div class=\"project-image\" style=\"background-image: url( https:\/\/bakkenservice.no\/v\/content\/sites\/7\/2025\/10\/2023-05-26-17-04-05-114acbb4acb445d9bd8f41db8a39b4-varstell-24-25-5-23-1-480x210.jpg \"><\/div>\n\t\t\t\t<div class=\"project-details\">\n\t\t\t\t\t<div class=\"content\">\n\t\t\t\t\t\t<h4 class=\"title\">Gartner p\u00e5 Nes\u00f8ya<\/h4>\n\t\t\t\t\t\t<p class=\"description\">P\u00e5 denne idylliske strandeiendommen p\u00e5 Nes\u00f8ya utf\u00f8rer vi i Bakken Service hel\u00e5rs  [&#8230;]<\/p>\n\t\t\t\t\t<\/div>\n\t\t\t\t\t<a class=\"link\" href=\"https:\/\/bakkenservice.no\/v\/blog\/prosjekter\/gartnerarbeid-nesoya\/\">Les&nbsp;mer<\/a>\n\t\t\t\t<\/div><\/a>\n\t\t\t<\/div>\n\t\t\t\t\t\t\t\t<div class=\"project\"><a href=\"https:\/\/bakkenservice.no\/v\/blog\/prosjekter\/naturhage-svartskog\/\">\n\t\t\t\t<div class=\"project-image\" style=\"background-image: url( https:\/\/bakkenservice.no\/v\/content\/sites\/7\/2021\/03\/svartskog-panorama-480x210.jpg \"><\/div>\n\t\t\t\t<div class=\"project-details\">\n\t\t\t\t\t<div class=\"content\">\n\t\t\t\t\t\t<h4 class=\"title\">Naturhage i Svartskog<\/h4>\n\t\t\t\t\t\t<p class=\"description\">Den 2,5 m\u00e5l store tomten inneholdt fra f\u00f8r noen sm\u00e5 stier, litt beplantninger og  [&#8230;]<\/p>\n\t\t\t\t\t<\/div>\n\t\t\t\t\t<a class=\"link\" href=\"https:\/\/bakkenservice.no\/v\/blog\/prosjekter\/naturhage-svartskog\/\">Les&nbsp;mer<\/a>\n\t\t\t\t<\/div><\/a>\n\t\t\t<\/div>\n\t\t\t\t<div class=\"button\">\n\t\t\t<a href=\"https:\/\/bakkenservice.no\/v\/blog\/prosjekter\/\" class=\"projects-all\"><button class=\"service-button\">Alle prosjekter<\/button><\/a>\n\t\t<\/div>\n\t<\/div>\n<\/div>\n\n\n\n<div id=\"block_53e7ef65d719810306284d6d7cac6c5b\" class=\"block-testimonials alignfull\">\n\t\n\t\n\t\t\t\t\t\n\t\t\t<div class=\"testimonial\">\n\t\t\t<div class=\"image\">\n\t\t\t\t\t\t\t\t\t<img loading=\"lazy\" decoding=\"async\" width=\"1280\" height=\"959\" src=\"https:\/\/bakkenservice.no\/v\/content\/sites\/7\/2021\/12\/amundsvei-1.jpg\" class=\"attachment-post-thumbnail size-post-thumbnail wp-post-image\" alt=\"\" srcset=\"https:\/\/bakkenservice.no\/v\/content\/sites\/7\/2021\/12\/amundsvei-1.jpg 1280w, https:\/\/bakkenservice.no\/v\/content\/sites\/7\/2021\/12\/amundsvei-1-600x450.jpg 600w, https:\/\/bakkenservice.no\/v\/content\/sites\/7\/2021\/12\/amundsvei-1-300x225.jpg 300w, https:\/\/bakkenservice.no\/v\/content\/sites\/7\/2021\/12\/amundsvei-1-590x442.jpg 590w, https:\/\/bakkenservice.no\/v\/content\/sites\/7\/2021\/12\/amundsvei-1-768x575.jpg 768w, https:\/\/bakkenservice.no\/v\/content\/sites\/7\/2021\/12\/amundsvei-1-235x176.jpg 235w, https:\/\/bakkenservice.no\/v\/content\/sites\/7\/2021\/12\/amundsvei-1-601x450.jpg 601w, https:\/\/bakkenservice.no\/v\/content\/sites\/7\/2021\/12\/amundsvei-1-120x90.jpg 120w, https:\/\/bakkenservice.no\/v\/content\/sites\/7\/2021\/12\/amundsvei-1-580x435.jpg 580w\" sizes=\"auto, (max-width: 1280px) 100vw, 1280px\" \/>\t\t\t\t\t\t\t<\/div>\n\t\t\t\t<div class=\"content\">\n\t\t\t\t\t<img decoding=\"async\" class=\"testimonial-icon\" src=\"https:\/\/bakkenservice.no\/v\/wp-content\/themes\/bakkenservice\/dist\/images\/quote-icon.png\">\n\t\t\t\t\t<p class=\"text\">Hagen er forvandlet! Det er en klisj\u00e9 \u00e5 si det, men det er g\u00f8y \u00e5 komme rundt hj\u00f8rnet og se hvor fint det har blitt. Og naboer kan ikke g\u00e5 forbi uten \u00e5 skryte. Det er en totalforvandling. N\u00e5 vil jeg bruke Bakken Service videre b\u00e5de i hagen og p\u00e5 hytta. <\/p>\n\t\t\t\t\t<p class=\"author\">Tony Breirem Radin<\/p>\n\t\t\t\t<\/div>\n\t\t\t<\/div>\n\t\t<\/div>\n\n\n\n\n\n<p><\/p>\n","protected":false},"excerpt":{"rendered":"","protected":false},"author":8,"featured_media":455,"parent":0,"menu_order":0,"comment_status":"closed","ping_status":"closed","template":"","meta":{"_acf_changed":false,"footnotes":""},"class_list":["post-13","page","type-page","status-publish","has-post-thumbnail","hentry"],"acf":[],"yoast_head":"<!-- This site is optimized with the Yoast SEO plugin v26.6 - https:\/\/yoast.com\/wordpress\/plugins\/seo\/ -->\n<title>Viken Avfall - Med lidenskap for stein og utemilj\u00f8<\/title>\n<meta name=\"description\" content=\"Bakken Service er en erfaren totalentrepren\u00f8r. Vi utf\u00f8rer steinlegging, anleggsgartnertjenester og bygg- og t\u00f8mrerarbeid i hele Oslo-omr\u00e5det.\" \/>\n<meta name=\"robots\" content=\"index, follow, max-snippet:-1, max-image-preview:large, max-video-preview:-1\" \/>\n<link rel=\"canonical\" href=\"https:\/\/bakkenservice.no\/v\/\" \/>\n<meta property=\"og:locale\" content=\"nb_NO\" \/>\n<meta property=\"og:type\" content=\"article\" \/>\n<meta property=\"og:title\" content=\"Bakken Service\" \/>\n<meta property=\"og:description\" content=\"Bakken Service er en erfaren og engasjert leverand\u00f8r av steinlegging og anleggsgartnertjenester. Vi opparbeider og vedlikeholder hager og utearealer b\u00e5de for privatpersoner og bedrifter, og er tilgjengelige for oppdrag i hele Oslo-omr\u00e5det.\" \/>\n<meta property=\"og:url\" content=\"https:\/\/bakkenservice.no\/v\/\" \/>\n<meta property=\"og:site_name\" content=\"Viken Avfall\" \/>\n<meta property=\"article:modified_time\" content=\"2026-01-29T09:22:48+00:00\" \/>\n<meta property=\"og:image\" content=\"https:\/\/bakkenservice.no\/v\/content\/sites\/7\/2021\/03\/svartskog-590x332.jpg\" \/>\n\t<meta property=\"og:image:width\" content=\"590\" \/>\n\t<meta property=\"og:image:height\" content=\"332\" \/>\n\t<meta property=\"og:image:type\" content=\"image\/jpeg\" \/>\n<meta name=\"twitter:card\" content=\"summary_large_image\" \/>\n<meta name=\"twitter:label1\" content=\"Ansl. lesetid\" \/>\n\t<meta name=\"twitter:data1\" content=\"2 minutter\" \/>\n<script type=\"application\/ld+json\" class=\"yoast-schema-graph\">{\"@context\":\"https:\/\/schema.org\",\"@graph\":[{\"@type\":\"WebPage\",\"@id\":\"https:\/\/bakkenservice.no\/v\/\",\"url\":\"https:\/\/bakkenservice.no\/v\/\",\"name\":\"Viken Avfall - Med lidenskap for stein og utemilj\u00f8\",\"isPartOf\":{\"@id\":\"https:\/\/bakkenservice.no\/v\/#website\"},\"primaryImageOfPage\":{\"@id\":\"https:\/\/bakkenservice.no\/v\/#primaryimage\"},\"image\":{\"@id\":\"https:\/\/bakkenservice.no\/v\/#primaryimage\"},\"thumbnailUrl\":\"https:\/\/bakkenservice.no\/v\/content\/sites\/7\/2021\/03\/99d1edfd-1edf-44f9-80bd-7b9041546d2f-scaled.jpeg\",\"datePublished\":\"2019-08-30T13:10:57+00:00\",\"dateModified\":\"2026-01-29T09:22:48+00:00\",\"description\":\"Bakken Service er en erfaren totalentrepren\u00f8r. Vi utf\u00f8rer steinlegging, anleggsgartnertjenester og bygg- og t\u00f8mrerarbeid i hele Oslo-omr\u00e5det.\",\"breadcrumb\":{\"@id\":\"https:\/\/bakkenservice.no\/v\/#breadcrumb\"},\"inLanguage\":\"nb-NO\",\"potentialAction\":[{\"@type\":\"ReadAction\",\"target\":[\"https:\/\/bakkenservice.no\/v\/\"]}]},{\"@type\":\"ImageObject\",\"inLanguage\":\"nb-NO\",\"@id\":\"https:\/\/bakkenservice.no\/v\/#primaryimage\",\"url\":\"https:\/\/bakkenservice.no\/v\/content\/sites\/7\/2021\/03\/99d1edfd-1edf-44f9-80bd-7b9041546d2f-scaled.jpeg\",\"contentUrl\":\"https:\/\/bakkenservice.no\/v\/content\/sites\/7\/2021\/03\/99d1edfd-1edf-44f9-80bd-7b9041546d2f-scaled.jpeg\",\"width\":2560,\"height\":1701},{\"@type\":\"BreadcrumbList\",\"@id\":\"https:\/\/bakkenservice.no\/v\/#breadcrumb\",\"itemListElement\":[{\"@type\":\"ListItem\",\"position\":1,\"name\":\"Hjem\",\"item\":\"https:\/\/bakkenservice.no\/v\/\"},{\"@type\":\"ListItem\",\"position\":2,\"name\":\"Forside\"}]},{\"@type\":\"WebSite\",\"@id\":\"https:\/\/bakkenservice.no\/v\/#website\",\"url\":\"https:\/\/bakkenservice.no\/v\/\",\"name\":\"Viken Avfall\",\"description\":\"\",\"potentialAction\":[{\"@type\":\"SearchAction\",\"target\":{\"@type\":\"EntryPoint\",\"urlTemplate\":\"https:\/\/bakkenservice.no\/v\/?s={search_term_string}\"},\"query-input\":{\"@type\":\"PropertyValueSpecification\",\"valueRequired\":true,\"valueName\":\"search_term_string\"}}],\"inLanguage\":\"nb-NO\"}]}<\/script>\n<!-- \/ Yoast SEO plugin. -->","yoast_head_json":{"title":"Viken Avfall - Med lidenskap for stein og utemilj\u00f8","description":"Bakken Service er en erfaren totalentrepren\u00f8r. Vi utf\u00f8rer steinlegging, anleggsgartnertjenester og bygg- og t\u00f8mrerarbeid i hele Oslo-omr\u00e5det.","robots":{"index":"index","follow":"follow","max-snippet":"max-snippet:-1","max-image-preview":"max-image-preview:large","max-video-preview":"max-video-preview:-1"},"canonical":"https:\/\/bakkenservice.no\/v\/","og_locale":"nb_NO","og_type":"article","og_title":"Bakken Service","og_description":"Bakken Service er en erfaren og engasjert leverand\u00f8r av steinlegging og anleggsgartnertjenester. Vi opparbeider og vedlikeholder hager og utearealer b\u00e5de for privatpersoner og bedrifter, og er tilgjengelige for oppdrag i hele Oslo-omr\u00e5det.","og_url":"https:\/\/bakkenservice.no\/v\/","og_site_name":"Viken Avfall","article_modified_time":"2026-01-29T09:22:48+00:00","og_image":[{"width":590,"height":332,"url":"https:\/\/bakkenservice.no\/v\/content\/sites\/7\/2021\/03\/svartskog-590x332.jpg","type":"image\/jpeg"}],"twitter_card":"summary_large_image","twitter_misc":{"Ansl. lesetid":"2 minutter"},"schema":{"@context":"https:\/\/schema.org","@graph":[{"@type":"WebPage","@id":"https:\/\/bakkenservice.no\/v\/","url":"https:\/\/bakkenservice.no\/v\/","name":"Viken Avfall - Med lidenskap for stein og utemilj\u00f8","isPartOf":{"@id":"https:\/\/bakkenservice.no\/v\/#website"},"primaryImageOfPage":{"@id":"https:\/\/bakkenservice.no\/v\/#primaryimage"},"image":{"@id":"https:\/\/bakkenservice.no\/v\/#primaryimage"},"thumbnailUrl":"https:\/\/bakkenservice.no\/v\/content\/sites\/7\/2021\/03\/99d1edfd-1edf-44f9-80bd-7b9041546d2f-scaled.jpeg","datePublished":"2019-08-30T13:10:57+00:00","dateModified":"2026-01-29T09:22:48+00:00","description":"Bakken Service er en erfaren totalentrepren\u00f8r. Vi utf\u00f8rer steinlegging, anleggsgartnertjenester og bygg- og t\u00f8mrerarbeid i hele Oslo-omr\u00e5det.","breadcrumb":{"@id":"https:\/\/bakkenservice.no\/v\/#breadcrumb"},"inLanguage":"nb-NO","potentialAction":[{"@type":"ReadAction","target":["https:\/\/bakkenservice.no\/v\/"]}]},{"@type":"ImageObject","inLanguage":"nb-NO","@id":"https:\/\/bakkenservice.no\/v\/#primaryimage","url":"https:\/\/bakkenservice.no\/v\/content\/sites\/7\/2021\/03\/99d1edfd-1edf-44f9-80bd-7b9041546d2f-scaled.jpeg","contentUrl":"https:\/\/bakkenservice.no\/v\/content\/sites\/7\/2021\/03\/99d1edfd-1edf-44f9-80bd-7b9041546d2f-scaled.jpeg","width":2560,"height":1701},{"@type":"BreadcrumbList","@id":"https:\/\/bakkenservice.no\/v\/#breadcrumb","itemListElement":[{"@type":"ListItem","position":1,"name":"Hjem","item":"https:\/\/bakkenservice.no\/v\/"},{"@type":"ListItem","position":2,"name":"Forside"}]},{"@type":"WebSite","@id":"https:\/\/bakkenservice.no\/v\/#website","url":"https:\/\/bakkenservice.no\/v\/","name":"Viken Avfall","description":"","potentialAction":[{"@type":"SearchAction","target":{"@type":"EntryPoint","urlTemplate":"https:\/\/bakkenservice.no\/v\/?s={search_term_string}"},"query-input":{"@type":"PropertyValueSpecification","valueRequired":true,"valueName":"search_term_string"}}],"inLanguage":"nb-NO"}]}},"_links":{"self":[{"href":"https:\/\/bakkenservice.no\/v\/wp-json\/wp\/v2\/pages\/13","targetHints":{"allow":["GET"]}}],"collection":[{"href":"https:\/\/bakkenservice.no\/v\/wp-json\/wp\/v2\/pages"}],"about":[{"href":"https:\/\/bakkenservice.no\/v\/wp-json\/wp\/v2\/types\/page"}],"author":[{"embeddable":true,"href":"https:\/\/bakkenservice.no\/v\/wp-json\/wp\/v2\/users\/8"}],"replies":[{"embeddable":true,"href":"https:\/\/bakkenservice.no\/v\/wp-json\/wp\/v2\/comments?post=13"}],"version-history":[{"count":92,"href":"https:\/\/bakkenservice.no\/v\/wp-json\/wp\/v2\/pages\/13\/revisions"}],"predecessor-version":[{"id":2248,"href":"https:\/\/bakkenservice.no\/v\/wp-json\/wp\/v2\/pages\/13\/revisions\/2248"}],"wp:featuredmedia":[{"embeddable":true,"href":"https:\/\/bakkenservice.no\/v\/wp-json\/wp\/v2\/media\/455"}],"wp:attachment":[{"href":"https:\/\/bakkenservice.no\/v\/wp-json\/wp\/v2\/media?parent=13"}],"curies":[{"name":"wp","href":"https:\/\/api.w.org\/{rel}","templated":true}]}}