{"id":1265,"date":"2023-03-24T15:02:46","date_gmt":"2023-03-24T14:02:46","guid":{"rendered":"https:\/\/bakkenservice.no\/v\/?page_id=1265"},"modified":"2023-04-03T09:48:42","modified_gmt":"2023-04-03T07:48:42","slug":"er-du-var-nye-partner","status":"publish","type":"page","link":"https:\/\/bakkenservice.no\/v\/er-du-var-nye-partner\/","title":{"rendered":"\u2013 Er du v\u00e5r nye partner?"},"content":{"rendered":"\n<p><strong>Bakken Service er et relativt ungt selskap, men opplever stor vekst. N\u00e5 leter de etter flere dyktige medarbeidere.<\/strong><\/p>\n\n\n<div class=\"wp-block-image\">\n<figure class=\"alignright size-medium\"><img loading=\"lazy\" decoding=\"async\" width=\"225\" height=\"300\" src=\"https:\/\/bakkenservice.no\/v\/content\/sites\/7\/2019\/09\/harald-nordeng-1-225x300.jpg\" alt=\"\" class=\"wp-image-1255\" srcset=\"https:\/\/bakkenservice.no\/v\/content\/sites\/7\/2019\/09\/harald-nordeng-1-225x300.jpg 225w, https:\/\/bakkenservice.no\/v\/content\/sites\/7\/2019\/09\/harald-nordeng-1-443x590.jpg 443w, https:\/\/bakkenservice.no\/v\/content\/sites\/7\/2019\/09\/harald-nordeng-1-768x1024.jpg 768w, https:\/\/bakkenservice.no\/v\/content\/sites\/7\/2019\/09\/harald-nordeng-1-1152x1536.jpg 1152w, https:\/\/bakkenservice.no\/v\/content\/sites\/7\/2019\/09\/harald-nordeng-1-215x286.jpg 215w, https:\/\/bakkenservice.no\/v\/content\/sites\/7\/2019\/09\/harald-nordeng-1-338x450.jpg 338w, https:\/\/bakkenservice.no\/v\/content\/sites\/7\/2019\/09\/harald-nordeng-1-68x90.jpg 68w, https:\/\/bakkenservice.no\/v\/content\/sites\/7\/2019\/09\/harald-nordeng-1.jpg 1512w\" sizes=\"auto, (max-width: 225px) 100vw, 225px\" \/><figcaption class=\"wp-element-caption\">Daglig leder Harald Nordeng<\/figcaption><\/figure><\/div>\n\n\n<p>\u2013&nbsp;Vi er en fin gjeng som har bred erfaring og lang fartstid i forskjellige bransjer, forteller daglig leder <strong>Harald Nordeng<\/strong>.<\/p>\n\n\n\n<p>\u2013 Vi \u00f8nsker n\u00e5 \u00e5 f\u00e5 med oss en erfaren anleggsgartner p\u00e5 laget, som v\u00e5r nye partner. Enten deg som jobber som ansatt i dag eller at du driver ditt eget selskap med noen ansatte. N\u00e5r vi sier partner, s\u00e5 tenker vi at du er med p\u00e5 eiersiden i selskapet.<\/p>\n\n\n\n<h4 class=\"wp-block-heading\">Fra privat til bedriftsmarkedet<\/h4>\n\n\n\n<p>S\u00e5 langt har Bakken Service hovedsakelig jobbet mot privatmarkedet, men de ser ogs\u00e5 mot bedriftsmarkedet og det offentlige:<\/p>\n\n\n<div class=\"wp-block-image\">\n<figure class=\"alignright size-medium\"><img loading=\"lazy\" decoding=\"async\" width=\"225\" height=\"300\" src=\"https:\/\/bakkenservice.no\/v\/content\/sites\/7\/2019\/09\/francisco-bakken-1-225x300.jpg\" alt=\"\" class=\"wp-image-1254\" srcset=\"https:\/\/bakkenservice.no\/v\/content\/sites\/7\/2019\/09\/francisco-bakken-1-225x300.jpg 225w, https:\/\/bakkenservice.no\/v\/content\/sites\/7\/2019\/09\/francisco-bakken-1-443x590.jpg 443w, https:\/\/bakkenservice.no\/v\/content\/sites\/7\/2019\/09\/francisco-bakken-1-768x1024.jpg 768w, https:\/\/bakkenservice.no\/v\/content\/sites\/7\/2019\/09\/francisco-bakken-1-1152x1536.jpg 1152w, https:\/\/bakkenservice.no\/v\/content\/sites\/7\/2019\/09\/francisco-bakken-1-215x286.jpg 215w, https:\/\/bakkenservice.no\/v\/content\/sites\/7\/2019\/09\/francisco-bakken-1-338x450.jpg 338w, https:\/\/bakkenservice.no\/v\/content\/sites\/7\/2019\/09\/francisco-bakken-1-68x90.jpg 68w, https:\/\/bakkenservice.no\/v\/content\/sites\/7\/2019\/09\/francisco-bakken-1.jpg 1512w\" sizes=\"auto, (max-width: 225px) 100vw, 225px\" \/><figcaption class=\"wp-element-caption\">Steinlegger i Bakken Service, Francisco Bakken<\/figcaption><\/figure><\/div>\n\n\n<p>\u2013 <strong>Vi er med p\u00e5 hele kundereisen fra id\u00e9 til ferdig uteomr\u00e5de<\/strong>, forteller steinlegger <strong>Francisco Bakken<\/strong>. \u2013\u00a0Ofte f\u00f8lger vi ogs\u00e5 prosjektet videre opp med Hageskj\u00f8tsel etter det er ferdig bygd.<\/p>\n\n\n\n<p>\u2013 Vi liker \u00e5 komme inn i en tidlig fase hvor vi kan v\u00e6re med \u00e5 p\u00e5virke ide og veivalg. Det starter ofte med en id\u00e9time som f\u00f8lges opp av et eget oppdrag med <a href=\"https:\/\/bakkenservice.no\/v\/tjenester\/hagedesign\">Hagedesign<\/a>. Der utarbeider vi konseptskisser med 3D visualisering som videre danner grunnlag for detaljtegninger som vi tar med oss inn i prosessen med utf\u00f8rsel.<\/p>\n\n\n\n<p>Francisco forteller at de \u00f8nsker \u00e5 sette kvalitet foran kvantitet og at de helst jobber med kortreist naturstein og andre b\u00e6rekraftige materialer og planter. <strong>Kundegruppen til Bakken Service verdsetter kvalitet og er villig til \u00e5 betale for godt h\u00e5ndverk<\/strong>. <\/p>\n\n\n\n<p>\u2013 N\u00e5r vi kommer inn i en tidlig fase, har vi mulighet til \u00e5 v\u00e6re med \u00e5 p\u00e5virke b\u00e5de materialvalg og hvordan sluttresultatet skal bli, legger Bakken til.<\/p>\n\n\n<div class=\"wp-block-image\">\n<figure class=\"aligncenter size-large\"><img loading=\"lazy\" decoding=\"async\" width=\"590\" height=\"442\" src=\"https:\/\/bakkenservice.no\/v\/content\/sites\/7\/2022\/03\/sv15-21-590x442.jpg\" alt=\"\" class=\"wp-image-1130\" srcset=\"https:\/\/bakkenservice.no\/v\/content\/sites\/7\/2022\/03\/sv15-21-590x442.jpg 590w, https:\/\/bakkenservice.no\/v\/content\/sites\/7\/2022\/03\/sv15-21-300x225.jpg 300w, https:\/\/bakkenservice.no\/v\/content\/sites\/7\/2022\/03\/sv15-21-768x575.jpg 768w, https:\/\/bakkenservice.no\/v\/content\/sites\/7\/2022\/03\/sv15-21-235x176.jpg 235w, https:\/\/bakkenservice.no\/v\/content\/sites\/7\/2022\/03\/sv15-21-601x450.jpg 601w, https:\/\/bakkenservice.no\/v\/content\/sites\/7\/2022\/03\/sv15-21-120x90.jpg 120w, https:\/\/bakkenservice.no\/v\/content\/sites\/7\/2022\/03\/sv15-21-580x435.jpg 580w, https:\/\/bakkenservice.no\/v\/content\/sites\/7\/2022\/03\/sv15-21-600x450.jpg 600w, https:\/\/bakkenservice.no\/v\/content\/sites\/7\/2022\/03\/sv15-21.jpg 1280w\" sizes=\"auto, (max-width: 590px) 100vw, 590px\" \/><figcaption class=\"wp-element-caption\">Et eksempel p\u00e5 et prosjekt der Bakken Service bidro fra A til \u00c5 med \u00e5 ferdigstille omr\u00e5det rundt en ny enebolig.<\/figcaption><\/figure><\/div>\n\n\n<h4 class=\"wp-block-heading\">Stor ettersp\u00f8rsel krever ny partner<\/h4>\n\n\n<div class=\"wp-block-image\">\n<figure class=\"alignright size-medium\"><img loading=\"lazy\" decoding=\"async\" width=\"225\" height=\"300\" src=\"https:\/\/bakkenservice.no\/v\/content\/sites\/7\/2019\/09\/thomas-kragtorp-1-225x300.jpg\" alt=\"\" class=\"wp-image-1256\" srcset=\"https:\/\/bakkenservice.no\/v\/content\/sites\/7\/2019\/09\/thomas-kragtorp-1-225x300.jpg 225w, https:\/\/bakkenservice.no\/v\/content\/sites\/7\/2019\/09\/thomas-kragtorp-1-443x590.jpg 443w, https:\/\/bakkenservice.no\/v\/content\/sites\/7\/2019\/09\/thomas-kragtorp-1-768x1024.jpg 768w, https:\/\/bakkenservice.no\/v\/content\/sites\/7\/2019\/09\/thomas-kragtorp-1-1152x1536.jpg 1152w, https:\/\/bakkenservice.no\/v\/content\/sites\/7\/2019\/09\/thomas-kragtorp-1-215x286.jpg 215w, https:\/\/bakkenservice.no\/v\/content\/sites\/7\/2019\/09\/thomas-kragtorp-1-338x450.jpg 338w, https:\/\/bakkenservice.no\/v\/content\/sites\/7\/2019\/09\/thomas-kragtorp-1-68x90.jpg 68w, https:\/\/bakkenservice.no\/v\/content\/sites\/7\/2019\/09\/thomas-kragtorp-1.jpg 1512w\" sizes=\"auto, (max-width: 225px) 100vw, 225px\" \/><figcaption class=\"wp-element-caption\">Anleggsgartner i Bakken Service, Thomas Kragtorp<\/figcaption><\/figure><\/div>\n\n\n<p>Bakken Service opplever at det er mange spennende prosjekter der ute og en stor ettersp\u00f8rsel etter kvalitet.<\/p>\n\n\n\n<p>\u2013 Skal vi lykkes med \u00e5 tiltrekke oss de beste ansatte, de beste kundene og de mest spennende prosjektene, s\u00e5 vi m\u00e5 over tid gj\u00f8re oss fortjent til det gjennom eksepsjonell utf\u00f8rsel, forteller anleggsgartner <strong>Thomas Kragtorp<\/strong>. <\/p>\n\n\n\n<p><strong>Slik beskriver Bakken Service personen de n\u00e5 jakter etter:<\/strong><\/p>\n\n\n\n<ul class=\"wp-block-list\">\n<li><em>Din rolle vil v\u00e6re operativ drift med fokus p\u00e5 utf\u00f8rsel og gjennomf\u00f8ring av prosjektene. <\/em><\/li>\n\n\n\n<li><em>Du m\u00e5 ha et spesielt godt \u00f8ye for kvalitet og detaljer. <\/em><\/li>\n\n\n\n<li><em>Du m\u00e5 evne \u00e5 kommunisere godt med b\u00e5de ansatte og kunder. <\/em><\/li>\n\n\n\n<li><em>Det er viktig at du klarer \u00e5 rekruttere flinke folk og sammen med oss skape et ekstraordin\u00e6rt arbeidsmilj\u00f8. <\/em><\/li>\n\n\n\n<li><em>Om du etter hvert er Driftsleder eller daglig leder har vi ikke s\u00e5 mange tanker rundt, men vi tror det er riktig \u00e5 begynne med full fokus p\u00e5 operativ drift, s\u00e5 en driftsleder rolle er mest n\u00e6rliggende til \u00e5 begynne med.<\/em><\/li>\n<\/ul>\n\n\n<div class=\"wp-block-image\">\n<figure class=\"alignright size-large\"><img loading=\"lazy\" decoding=\"async\" width=\"443\" height=\"590\" src=\"https:\/\/bakkenservice.no\/v\/content\/sites\/7\/2023\/03\/hagedesign-3dvisualisering-8-1-443x590.jpg\" alt=\"\" class=\"wp-image-1290\" srcset=\"https:\/\/bakkenservice.no\/v\/content\/sites\/7\/2023\/03\/hagedesign-3dvisualisering-8-1-443x590.jpg 443w, https:\/\/bakkenservice.no\/v\/content\/sites\/7\/2023\/03\/hagedesign-3dvisualisering-8-1-225x300.jpg 225w, https:\/\/bakkenservice.no\/v\/content\/sites\/7\/2023\/03\/hagedesign-3dvisualisering-8-1-215x286.jpg 215w, https:\/\/bakkenservice.no\/v\/content\/sites\/7\/2023\/03\/hagedesign-3dvisualisering-8-1-338x450.jpg 338w, https:\/\/bakkenservice.no\/v\/content\/sites\/7\/2023\/03\/hagedesign-3dvisualisering-8-1-68x90.jpg 68w, https:\/\/bakkenservice.no\/v\/content\/sites\/7\/2023\/03\/hagedesign-3dvisualisering-8-1.jpg 768w\" sizes=\"auto, (max-width: 443px) 100vw, 443px\" \/><\/figure><\/div>\n\n\n<p>\u2013 Vi ser for oss at du enten er anleggs\u00adgartner\u00admester eller har fagbrev som anleggs\u00adgartner, fortsetter selskapets daglige leder. <strong>Erfaring er viktig, men er du ung og nyutdannet, s\u00e5 tar vi gjerne ogs\u00e5 en prat. Har du ikke den formelle bakgrunnen, men likevel lang relevant erfaring, s\u00e5 vil vi gjerne ogs\u00e5 snakke med deg.<\/strong><\/p>\n\n\n\n<p>I det unge selskapet Bakken Service blir alle ansatte med p\u00e5 hele reisen. De jobber mye med stein, men her er ingenting hugget i stein, som de sier. Og de skaper veien videre sammen.<\/p>\n\n\n\n<p>\u2013 Og ikke minst, avslutter Francisco. <strong>\u2013&nbsp;Vi \u00f8nsker \u00e5 bygge selskapet stein p\u00e5 stein ved \u00e5 skape magiske uteomr\u00e5der.<\/strong><\/p>\n\n\n\n<p><strong><em>Er det deg Bakken Service ser etter?<br><a href=\"https:\/\/brain.career\/bakkenservice\/bfjobb\/er-du-var-nye-partner\/\">Send dem en melding via denne lenken.<\/a><\/em><\/strong><\/p>\n","protected":false},"excerpt":{"rendered":"<p>Bakken Service er et relativt ungt selskap, men opplever stor vekst. N\u00e5 leter de etter flere dyktige medarbeidere. \u2013&nbsp;Vi er en fin [\u2026]<\/p>\n","protected":false},"author":9,"featured_media":986,"parent":0,"menu_order":0,"comment_status":"closed","ping_status":"closed","template":"","meta":{"_acf_changed":false,"footnotes":""},"class_list":["post-1265","page","type-page","status-publish","has-post-thumbnail","hentry"],"acf":[],"yoast_head":"<!-- This site is optimized with the Yoast SEO plugin v26.6 - https:\/\/yoast.com\/wordpress\/plugins\/seo\/ -->\n<title>\u2013 Er du v\u00e5r nye partner? - Viken Avfall<\/title>\n<meta name=\"description\" content=\"Bakken Service er et relativt ungt selskap, men opplever stor vekst. N\u00e5 leter de etter en ny anleggsgartner-partner.\" \/>\n<meta name=\"robots\" content=\"index, follow, max-snippet:-1, max-image-preview:large, max-video-preview:-1\" \/>\n<link rel=\"canonical\" href=\"https:\/\/bakkenservice.no\/v\/er-du-var-nye-partner\/\" \/>\n<meta property=\"og:locale\" content=\"nb_NO\" \/>\n<meta property=\"og:type\" content=\"article\" \/>\n<meta property=\"og:title\" content=\"Er du Bakken Service sin nye partner?\" \/>\n<meta property=\"og:description\" content=\"Bakken Service er et relativt ungt selskap, men opplever stor vekst. N\u00e5 leter de etter flere dyktige medarbeidere.\" \/>\n<meta property=\"og:url\" content=\"https:\/\/bakkenservice.no\/v\/er-du-var-nye-partner\/\" \/>\n<meta property=\"og:site_name\" content=\"Viken Avfall\" \/>\n<meta property=\"article:modified_time\" content=\"2023-04-03T07:48:42+00:00\" \/>\n<meta property=\"og:image\" content=\"https:\/\/bakkenservice.no\/v\/content\/sites\/7\/2021\/12\/bregneveien-22.jpg\" \/>\n\t<meta property=\"og:image:width\" content=\"1008\" \/>\n\t<meta property=\"og:image:height\" content=\"756\" \/>\n\t<meta property=\"og:image:type\" content=\"image\/jpeg\" \/>\n<meta name=\"twitter:card\" content=\"summary_large_image\" \/>\n<meta name=\"twitter:label1\" content=\"Ansl. lesetid\" \/>\n\t<meta name=\"twitter:data1\" content=\"5 minutter\" \/>\n<script type=\"application\/ld+json\" class=\"yoast-schema-graph\">{\"@context\":\"https:\/\/schema.org\",\"@graph\":[{\"@type\":\"WebPage\",\"@id\":\"https:\/\/bakkenservice.no\/v\/er-du-var-nye-partner\/\",\"url\":\"https:\/\/bakkenservice.no\/v\/er-du-var-nye-partner\/\",\"name\":\"\u2013 Er du v\u00e5r nye partner? - Viken Avfall\",\"isPartOf\":{\"@id\":\"https:\/\/bakkenservice.no\/v\/#website\"},\"primaryImageOfPage\":{\"@id\":\"https:\/\/bakkenservice.no\/v\/er-du-var-nye-partner\/#primaryimage\"},\"image\":{\"@id\":\"https:\/\/bakkenservice.no\/v\/er-du-var-nye-partner\/#primaryimage\"},\"thumbnailUrl\":\"https:\/\/bakkenservice.no\/v\/content\/sites\/7\/2019\/09\/sbtorrhytte-1.jpg\",\"datePublished\":\"2023-03-24T14:02:46+00:00\",\"dateModified\":\"2023-04-03T07:48:42+00:00\",\"description\":\"Bakken Service er et relativt ungt selskap, men opplever stor vekst. N\u00e5 leter de etter en ny anleggsgartner-partner.\",\"breadcrumb\":{\"@id\":\"https:\/\/bakkenservice.no\/v\/er-du-var-nye-partner\/#breadcrumb\"},\"inLanguage\":\"nb-NO\",\"potentialAction\":[{\"@type\":\"ReadAction\",\"target\":[\"https:\/\/bakkenservice.no\/v\/er-du-var-nye-partner\/\"]}]},{\"@type\":\"ImageObject\",\"inLanguage\":\"nb-NO\",\"@id\":\"https:\/\/bakkenservice.no\/v\/er-du-var-nye-partner\/#primaryimage\",\"url\":\"https:\/\/bakkenservice.no\/v\/content\/sites\/7\/2019\/09\/sbtorrhytte-1.jpg\",\"contentUrl\":\"https:\/\/bakkenservice.no\/v\/content\/sites\/7\/2019\/09\/sbtorrhytte-1.jpg\",\"width\":1280,\"height\":960},{\"@type\":\"BreadcrumbList\",\"@id\":\"https:\/\/bakkenservice.no\/v\/er-du-var-nye-partner\/#breadcrumb\",\"itemListElement\":[{\"@type\":\"ListItem\",\"position\":1,\"name\":\"Hjem\",\"item\":\"https:\/\/bakkenservice.no\/v\/\"},{\"@type\":\"ListItem\",\"position\":2,\"name\":\"\u2013 Er du v\u00e5r nye partner?\"}]},{\"@type\":\"WebSite\",\"@id\":\"https:\/\/bakkenservice.no\/v\/#website\",\"url\":\"https:\/\/bakkenservice.no\/v\/\",\"name\":\"Viken Avfall\",\"description\":\"\",\"potentialAction\":[{\"@type\":\"SearchAction\",\"target\":{\"@type\":\"EntryPoint\",\"urlTemplate\":\"https:\/\/bakkenservice.no\/v\/?s={search_term_string}\"},\"query-input\":{\"@type\":\"PropertyValueSpecification\",\"valueRequired\":true,\"valueName\":\"search_term_string\"}}],\"inLanguage\":\"nb-NO\"}]}<\/script>\n<!-- \/ Yoast SEO plugin. -->","yoast_head_json":{"title":"\u2013 Er du v\u00e5r nye partner? - Viken Avfall","description":"Bakken Service er et relativt ungt selskap, men opplever stor vekst. N\u00e5 leter de etter en ny anleggsgartner-partner.","robots":{"index":"index","follow":"follow","max-snippet":"max-snippet:-1","max-image-preview":"max-image-preview:large","max-video-preview":"max-video-preview:-1"},"canonical":"https:\/\/bakkenservice.no\/v\/er-du-var-nye-partner\/","og_locale":"nb_NO","og_type":"article","og_title":"Er du Bakken Service sin nye partner?","og_description":"Bakken Service er et relativt ungt selskap, men opplever stor vekst. N\u00e5 leter de etter flere dyktige medarbeidere.","og_url":"https:\/\/bakkenservice.no\/v\/er-du-var-nye-partner\/","og_site_name":"Viken Avfall","article_modified_time":"2023-04-03T07:48:42+00:00","og_image":[{"width":1008,"height":756,"url":"https:\/\/bakkenservice.no\/v\/content\/sites\/7\/2021\/12\/bregneveien-22.jpg","type":"image\/jpeg"}],"twitter_card":"summary_large_image","twitter_misc":{"Ansl. lesetid":"5 minutter"},"schema":{"@context":"https:\/\/schema.org","@graph":[{"@type":"WebPage","@id":"https:\/\/bakkenservice.no\/v\/er-du-var-nye-partner\/","url":"https:\/\/bakkenservice.no\/v\/er-du-var-nye-partner\/","name":"\u2013 Er du v\u00e5r nye partner? - Viken Avfall","isPartOf":{"@id":"https:\/\/bakkenservice.no\/v\/#website"},"primaryImageOfPage":{"@id":"https:\/\/bakkenservice.no\/v\/er-du-var-nye-partner\/#primaryimage"},"image":{"@id":"https:\/\/bakkenservice.no\/v\/er-du-var-nye-partner\/#primaryimage"},"thumbnailUrl":"https:\/\/bakkenservice.no\/v\/content\/sites\/7\/2019\/09\/sbtorrhytte-1.jpg","datePublished":"2023-03-24T14:02:46+00:00","dateModified":"2023-04-03T07:48:42+00:00","description":"Bakken Service er et relativt ungt selskap, men opplever stor vekst. N\u00e5 leter de etter en ny anleggsgartner-partner.","breadcrumb":{"@id":"https:\/\/bakkenservice.no\/v\/er-du-var-nye-partner\/#breadcrumb"},"inLanguage":"nb-NO","potentialAction":[{"@type":"ReadAction","target":["https:\/\/bakkenservice.no\/v\/er-du-var-nye-partner\/"]}]},{"@type":"ImageObject","inLanguage":"nb-NO","@id":"https:\/\/bakkenservice.no\/v\/er-du-var-nye-partner\/#primaryimage","url":"https:\/\/bakkenservice.no\/v\/content\/sites\/7\/2019\/09\/sbtorrhytte-1.jpg","contentUrl":"https:\/\/bakkenservice.no\/v\/content\/sites\/7\/2019\/09\/sbtorrhytte-1.jpg","width":1280,"height":960},{"@type":"BreadcrumbList","@id":"https:\/\/bakkenservice.no\/v\/er-du-var-nye-partner\/#breadcrumb","itemListElement":[{"@type":"ListItem","position":1,"name":"Hjem","item":"https:\/\/bakkenservice.no\/v\/"},{"@type":"ListItem","position":2,"name":"\u2013 Er du v\u00e5r nye partner?"}]},{"@type":"WebSite","@id":"https:\/\/bakkenservice.no\/v\/#website","url":"https:\/\/bakkenservice.no\/v\/","name":"Viken Avfall","description":"","potentialAction":[{"@type":"SearchAction","target":{"@type":"EntryPoint","urlTemplate":"https:\/\/bakkenservice.no\/v\/?s={search_term_string}"},"query-input":{"@type":"PropertyValueSpecification","valueRequired":true,"valueName":"search_term_string"}}],"inLanguage":"nb-NO"}]}},"_links":{"self":[{"href":"https:\/\/bakkenservice.no\/v\/wp-json\/wp\/v2\/pages\/1265","targetHints":{"allow":["GET"]}}],"collection":[{"href":"https:\/\/bakkenservice.no\/v\/wp-json\/wp\/v2\/pages"}],"about":[{"href":"https:\/\/bakkenservice.no\/v\/wp-json\/wp\/v2\/types\/page"}],"author":[{"embeddable":true,"href":"https:\/\/bakkenservice.no\/v\/wp-json\/wp\/v2\/users\/9"}],"replies":[{"embeddable":true,"href":"https:\/\/bakkenservice.no\/v\/wp-json\/wp\/v2\/comments?post=1265"}],"version-history":[{"count":14,"href":"https:\/\/bakkenservice.no\/v\/wp-json\/wp\/v2\/pages\/1265\/revisions"}],"predecessor-version":[{"id":1350,"href":"https:\/\/bakkenservice.no\/v\/wp-json\/wp\/v2\/pages\/1265\/revisions\/1350"}],"wp:featuredmedia":[{"embeddable":true,"href":"https:\/\/bakkenservice.no\/v\/wp-json\/wp\/v2\/media\/986"}],"wp:attachment":[{"href":"https:\/\/bakkenservice.no\/v\/wp-json\/wp\/v2\/media?parent=1265"}],"curies":[{"name":"wp","href":"https:\/\/api.w.org\/{rel}","templated":true}]}}